{"id":98,"date":"2017-12-27T16:19:06","date_gmt":"2017-12-27T16:19:06","guid":{"rendered":"http:\/\/localhost\/wnt\/\/"},"modified":"2020-12-15T20:47:22","modified_gmt":"2020-12-16T00:47:22","slug":"mission","status":"publish","type":"page","link":"https:\/\/www.workingnowandthen.com\/fr\/mission\/","title":{"rendered":"Notre Mission"},"content":{"rendered":"<p><span style=\"font-weight: 400;\">Charles Joseph a fond\u00e9 Working: Now and Then pour atteindre les travailleurs dont les droits ont \u00e9t\u00e9 viol\u00e9s. En tant qu&#8217;avocat pour l&#8217;emploi, Charles a con\u00e7u le site pour capturer l&#8217;int\u00e9gralit\u00e9 de l&#8217;exp\u00e9rience des travailleurs. En plus d&#8217;offrir de l&#8217;aide aux travailleurs qui naviguent dans le syst\u00e8me juridique, Working: Now and Then fournit des ressources savantes, des informations d&#8217;activiste et du contenu multim\u00e9dia. Working: Now and Then favorise une meilleure compr\u00e9hension du monde social et \u00e9conomique actuel \u00e0 travers des mat\u00e9riaux sur les travailleurs et leurs droits.<\/span><\/p>\n","protected":false},"excerpt":{"rendered":"Charles Joseph a fond\u00e9 Working: Now and Then pour atteindre les travailleurs dont les droits ont \u00e9t\u00e9 viol\u00e9s. En tant qu&#8217;avocat pour l&#8217;emploi, Charles a con\u00e7u le site pour capturer l&#8217;int\u00e9gralit\u00e9 de l&#8217;exp\u00e9rience des travailleurs. En plus d&#8217;offrir de l&#8217;aide aux travailleurs qui naviguent dans le syst\u00e8me juridique, Working: Now and Then fournit des ressources&#8230; <a class=\"view-article\" href=\"https:\/\/www.workingnowandthen.com\/fr\/mission\/\">View Article<\/a>","protected":false},"author":1,"featured_media":0,"parent":0,"menu_order":0,"comment_status":"closed","ping_status":"closed","template":"","meta":{"_acf_changed":false,"footnotes":""},"class_list":["post-98","page","type-page","status-publish","hentry"],"translation":{"provider":"WPGlobus","version":"3.0.0","language":"fr","enabled_languages":["en","es","fr","ru","zh","ar","ur"],"languages":{"en":{"title":true,"content":true,"excerpt":false},"es":{"title":true,"content":true,"excerpt":false},"fr":{"title":true,"content":true,"excerpt":false},"ru":{"title":true,"content":true,"excerpt":false},"zh":{"title":true,"content":true,"excerpt":false},"ar":{"title":true,"content":true,"excerpt":false},"ur":{"title":true,"content":true,"excerpt":false}}},"acf":[],"yoast_head":"<!-- This site is optimized with the Yoast SEO Premium plugin v26.3 (Yoast SEO v26.3) - https:\/\/yoast.com\/wordpress\/plugins\/seo\/ -->\n<title>Notre Mission | Working Now and Then<\/title>\n<meta name=\"description\" content=\"Charles Joseph a fond\u00e9 Working: Now and Then pour atteindre les travailleurs dont les droits ont \u00e9t\u00e9 viol\u00e9s. En tant qu&#039;avocat pour l&#039;emploi, Charles a con\u00e7u le site pour capturer l&#039;int\u00e9gralit\u00e9 de l&#039;exp\u00e9rience des travailleurs.\" \/>\n<meta name=\"robots\" content=\"index, follow, max-snippet:-1, max-image-preview:large, max-video-preview:-1\" \/>\n<link rel=\"canonical\" href=\"https:\/\/www.workingnowandthen.com\/mission\/\" \/>\n<meta property=\"og:locale\" content=\"fr_FR\" \/>\n<meta property=\"og:type\" content=\"article\" \/>\n<meta property=\"og:title\" content=\"Notre Mission | Working Now and Then\" \/>\n<meta property=\"og:description\" content=\"Charles Joseph a fond\u00e9 Working: Now and Then pour atteindre les travailleurs dont les droits ont \u00e9t\u00e9 viol\u00e9s. En tant qu&#039;avocat pour l&#039;emploi, Charles a con\u00e7u le site pour capturer l&#039;int\u00e9gralit\u00e9 de l&#039;exp\u00e9rience des travailleurs.\" \/>\n<meta property=\"og:url\" content=\"https:\/\/www.workingnowandthen.com\/mission\/\" \/>\n<meta property=\"og:site_name\" content=\"Working Now and Then\" \/>\n<meta property=\"article:modified_time\" content=\"2020-12-16T00:47:22+00:00\" \/>\n<meta name=\"twitter:card\" content=\"summary_large_image\" \/>\n<meta name=\"twitter:site\" content=\"@workingnowthen\" \/>\n<meta name=\"twitter:label1\" content=\"Est. reading time\" \/>\n\t<meta name=\"twitter:data1\" content=\"1 minute\" \/>\n<script type=\"application\/ld+json\" class=\"yoast-schema-graph\">{\"@context\":\"https:\/\/schema.org\",\"@graph\":[{\"@type\":\"WebPage\",\"@id\":\"https:\/\/www.workingnowandthen.com\/mission\/\",\"url\":\"https:\/\/www.workingnowandthen.com\/mission\/\",\"name\":\"Notre Mission | Working Now and Then\",\"isPartOf\":{\"@id\":\"https:\/\/www.workingnowandthen.com\/#website\"},\"datePublished\":\"2017-12-27T16:19:06+00:00\",\"dateModified\":\"2020-12-16T00:47:22+00:00\",\"description\":\"Charles Joseph a fond\u00e9 Working: Now and Then pour atteindre les travailleurs dont les droits ont \u00e9t\u00e9 viol\u00e9s. En tant qu'avocat pour l'emploi, Charles a con\u00e7u le site pour capturer l'int\u00e9gralit\u00e9 de l'exp\u00e9rience des travailleurs. \",\"breadcrumb\":{\"@id\":\"https:\/\/www.workingnowandthen.com\/mission\/#breadcrumb\"},\"inLanguage\":\"fr\",\"potentialAction\":[{\"@type\":\"ReadAction\",\"target\":[\"https:\/\/www.workingnowandthen.com\/mission\/\"]}]},{\"@type\":\"BreadcrumbList\",\"@id\":\"https:\/\/www.workingnowandthen.com\/mission\/#breadcrumb\",\"itemListElement\":[{\"@type\":\"ListItem\",\"position\":1,\"name\":\"Home\",\"item\":\"https:\/\/www.workingnowandthen.com\/\"},{\"@type\":\"ListItem\",\"position\":2,\"name\":\"Mission\"}]},{\"@type\":\"WebSite\",\"@id\":\"https:\/\/www.workingnowandthen.com\/#website\",\"url\":\"https:\/\/www.workingnowandthen.com\/\",\"name\":\"Working Now and Then\",\"description\":\"Working Now And Then\",\"publisher\":{\"@id\":\"https:\/\/www.workingnowandthen.com\/#organization\"},\"potentialAction\":[{\"@type\":\"SearchAction\",\"target\":{\"@type\":\"EntryPoint\",\"urlTemplate\":\"https:\/\/www.workingnowandthen.com\/?s={search_term_string}\"},\"query-input\":{\"@type\":\"PropertyValueSpecification\",\"valueRequired\":true,\"valueName\":\"search_term_string\"}}],\"inLanguage\":\"fr\"},{\"@type\":\"Organization\",\"@id\":\"https:\/\/www.workingnowandthen.com\/#organization\",\"name\":\"Working Now and Then\",\"alternateName\":\"WNT Legal Resources\",\"url\":\"https:\/\/www.workingnowandthen.com\/\",\"logo\":{\"@type\":\"ImageObject\",\"inLanguage\":\"fr\",\"@id\":\"https:\/\/www.workingnowandthen.com\/#\/schema\/logo\/image\/\",\"url\":\"https:\/\/www.workingnowandthen.com\/wp-content\/uploads\/2019\/05\/Screen-Shot-2019-05-17-at-1.27.13-PM-e1558124864659.png\",\"contentUrl\":\"https:\/\/www.workingnowandthen.com\/wp-content\/uploads\/2019\/05\/Screen-Shot-2019-05-17-at-1.27.13-PM-e1558124864659.png\",\"width\":400,\"height\":93,\"caption\":\"Working Now and Then\"},\"image\":{\"@id\":\"https:\/\/www.workingnowandthen.com\/#\/schema\/logo\/image\/\"},\"sameAs\":[\"https:\/\/x.com\/workingnowthen\",\"https:\/\/www.reddit.com\/user\/Charles_Joseph\/\"],\"description\":\"We help workers understand their rights. Charles Joseph, an employment lawyer in NYC, established Working Now and Then to protect workers from discrimination, sexual harassment, wage theft, and other employment violations. He also founded Joseph & Kirschenbaum LLP, an NYC law firm that has recovered over $200 million for clients. Working Now and Then connects workers with employment lawyers and offers free consultations.\",\"email\":\"info@workingnowandthen.com\",\"telephone\":\"2126514238\"}]}<\/script>\n<!-- \/ Yoast SEO Premium plugin. -->","yoast_head_json":{"title":"Notre Mission | Working Now and Then","description":"Charles Joseph a fond\u00e9 Working: Now and Then pour atteindre les travailleurs dont les droits ont \u00e9t\u00e9 viol\u00e9s. En tant qu'avocat pour l'emploi, Charles a con\u00e7u le site pour capturer l'int\u00e9gralit\u00e9 de l'exp\u00e9rience des travailleurs.","robots":{"index":"index","follow":"follow","max-snippet":"max-snippet:-1","max-image-preview":"max-image-preview:large","max-video-preview":"max-video-preview:-1"},"canonical":"https:\/\/www.workingnowandthen.com\/mission\/","og_locale":"fr_FR","og_type":"article","og_title":"Notre Mission | Working Now and Then","og_description":"Charles Joseph a fond\u00e9 Working: Now and Then pour atteindre les travailleurs dont les droits ont \u00e9t\u00e9 viol\u00e9s. En tant qu'avocat pour l'emploi, Charles a con\u00e7u le site pour capturer l'int\u00e9gralit\u00e9 de l'exp\u00e9rience des travailleurs.","og_url":"https:\/\/www.workingnowandthen.com\/mission\/","og_site_name":"Working Now and Then","article_modified_time":"2020-12-16T00:47:22+00:00","twitter_card":"summary_large_image","twitter_site":"@workingnowthen","twitter_misc":{"Est. reading time":"1 minute"},"schema":{"@context":"https:\/\/schema.org","@graph":[{"@type":"WebPage","@id":"https:\/\/www.workingnowandthen.com\/mission\/","url":"https:\/\/www.workingnowandthen.com\/mission\/","name":"Notre Mission | Working Now and Then","isPartOf":{"@id":"https:\/\/www.workingnowandthen.com\/#website"},"datePublished":"2017-12-27T16:19:06+00:00","dateModified":"2020-12-16T00:47:22+00:00","description":"Charles Joseph a fond\u00e9 Working: Now and Then pour atteindre les travailleurs dont les droits ont \u00e9t\u00e9 viol\u00e9s. En tant qu'avocat pour l'emploi, Charles a con\u00e7u le site pour capturer l'int\u00e9gralit\u00e9 de l'exp\u00e9rience des travailleurs. ","breadcrumb":{"@id":"https:\/\/www.workingnowandthen.com\/mission\/#breadcrumb"},"inLanguage":"fr","potentialAction":[{"@type":"ReadAction","target":["https:\/\/www.workingnowandthen.com\/mission\/"]}]},{"@type":"BreadcrumbList","@id":"https:\/\/www.workingnowandthen.com\/mission\/#breadcrumb","itemListElement":[{"@type":"ListItem","position":1,"name":"Home","item":"https:\/\/www.workingnowandthen.com\/"},{"@type":"ListItem","position":2,"name":"Mission"}]},{"@type":"WebSite","@id":"https:\/\/www.workingnowandthen.com\/#website","url":"https:\/\/www.workingnowandthen.com\/","name":"Working Now and Then","description":"Working Now And Then","publisher":{"@id":"https:\/\/www.workingnowandthen.com\/#organization"},"potentialAction":[{"@type":"SearchAction","target":{"@type":"EntryPoint","urlTemplate":"https:\/\/www.workingnowandthen.com\/?s={search_term_string}"},"query-input":{"@type":"PropertyValueSpecification","valueRequired":true,"valueName":"search_term_string"}}],"inLanguage":"fr"},{"@type":"Organization","@id":"https:\/\/www.workingnowandthen.com\/#organization","name":"Working Now and Then","alternateName":"WNT Legal Resources","url":"https:\/\/www.workingnowandthen.com\/","logo":{"@type":"ImageObject","inLanguage":"fr","@id":"https:\/\/www.workingnowandthen.com\/#\/schema\/logo\/image\/","url":"https:\/\/www.workingnowandthen.com\/wp-content\/uploads\/2019\/05\/Screen-Shot-2019-05-17-at-1.27.13-PM-e1558124864659.png","contentUrl":"https:\/\/www.workingnowandthen.com\/wp-content\/uploads\/2019\/05\/Screen-Shot-2019-05-17-at-1.27.13-PM-e1558124864659.png","width":400,"height":93,"caption":"Working Now and Then"},"image":{"@id":"https:\/\/www.workingnowandthen.com\/#\/schema\/logo\/image\/"},"sameAs":["https:\/\/x.com\/workingnowthen","https:\/\/www.reddit.com\/user\/Charles_Joseph\/"],"description":"We help workers understand their rights. Charles Joseph, an employment lawyer in NYC, established Working Now and Then to protect workers from discrimination, sexual harassment, wage theft, and other employment violations. He also founded Joseph & Kirschenbaum LLP, an NYC law firm that has recovered over $200 million for clients. Working Now and Then connects workers with employment lawyers and offers free consultations.","email":"info@workingnowandthen.com","telephone":"2126514238"}]}},"_links":{"self":[{"href":"https:\/\/www.workingnowandthen.com\/fr\/wp-json\/wp\/v2\/pages\/98","targetHints":{"allow":["GET"]}}],"collection":[{"href":"https:\/\/www.workingnowandthen.com\/fr\/wp-json\/wp\/v2\/pages"}],"about":[{"href":"https:\/\/www.workingnowandthen.com\/fr\/wp-json\/wp\/v2\/types\/page"}],"author":[{"embeddable":true,"href":"https:\/\/www.workingnowandthen.com\/fr\/wp-json\/wp\/v2\/users\/1"}],"replies":[{"embeddable":true,"href":"https:\/\/www.workingnowandthen.com\/fr\/wp-json\/wp\/v2\/comments?post=98"}],"version-history":[{"count":13,"href":"https:\/\/www.workingnowandthen.com\/fr\/wp-json\/wp\/v2\/pages\/98\/revisions"}],"predecessor-version":[{"id":22557,"href":"https:\/\/www.workingnowandthen.com\/fr\/wp-json\/wp\/v2\/pages\/98\/revisions\/22557"}],"wp:attachment":[{"href":"https:\/\/www.workingnowandthen.com\/fr\/wp-json\/wp\/v2\/media?parent=98"}],"curies":[{"name":"wp","href":"https:\/\/api.w.org\/{rel}","templated":true}]}}