{"id":14876,"date":"2020-01-27T14:28:22","date_gmt":"2020-01-27T18:28:22","guid":{"rendered":"https:\/\/www.workingnowandthen.com\/?page_id=14876"},"modified":"2025-11-03T16:52:53","modified_gmt":"2025-11-03T20:52:53","slug":"experienced-employment-lawyers-in-new-york-city","status":"publish","type":"page","link":"https:\/\/www.workingnowandthen.com\/fr\/","title":{"rendered":"Stand Up for Your Rights at Work"},"content":{"rendered":"<p>Have you experienced discrimination, sexual harassment, or retaliation at work? What about wrongful termination or a hostile work environment?<\/p>\n<p>An <a href=\"https:\/\/www.workingnowandthen.com\/employment-lawyers-nyc\/\">employment lawyer<\/a> can help protect your rights. Charles Joseph is an employment lawyer with a <strong>track record of success<\/strong>. Charles and his firm have recovered over $200 million for clients.<\/p>\n<p>Federal judges have praised the firm as &#8220;<strong>the best in breed<\/strong>&#8221; among NYC employment lawyers, pointing to the &#8220;<strong>doggedness<\/strong> with which they pursued relief for their clients.&#8221;<\/p>\n<blockquote class=\"charles-quote\">\n<h3><span style=\"font-weight: 400;\"><br \/>\n<\/span>&#8220;These are the people who care about the working class. And fight for their rights. Even when all hope seems lost.&#8221;<\/h3>\n<\/blockquote>\n<h3>Contact NYC employment lawyer Charles Joseph for a <a href=\"https:\/\/www.workingnowandthen.com\/free-case-evaluation\/\">free case evaluation<\/a>.<\/h3>\n<p><i>What makes us different? When you reach out for a free consultation, you&#8217;ll connect with an NYC employment lawyer. <\/i><i>We&#8217;ll answer your questions and help protect your rights. <\/i><\/p>\n<p><i>If you&#8217;re located outside of the NYC area, we can refer you to an attorney in your area.<\/i><\/p>\n<h3>Find out if you have a case today.<\/h3>\n","protected":false},"excerpt":{"rendered":"Have you experienced discrimination, sexual harassment, or retaliation at work? What about wrongful termination or a hostile work environment? An employment lawyer can help protect your rights. Charles Joseph is an employment lawyer with a track record of success. Charles and his firm have recovered over $200 million for clients. Federal judges have praised the&#8230; <a class=\"view-article\" href=\"https:\/\/www.workingnowandthen.com\/fr\/\">View Article<\/a>","protected":false},"author":3,"featured_media":0,"parent":0,"menu_order":0,"comment_status":"closed","ping_status":"closed","template":"template-newhome.php","meta":{"_acf_changed":false,"footnotes":""},"class_list":["post-14876","page","type-page","status-publish","hentry"],"translation":{"provider":"WPGlobus","version":"3.0.0","language":"fr","enabled_languages":["en","es","fr","ru","zh","ar","ur"],"languages":{"en":{"title":true,"content":true,"excerpt":false},"es":{"title":false,"content":false,"excerpt":false},"fr":{"title":false,"content":false,"excerpt":false},"ru":{"title":false,"content":false,"excerpt":false},"zh":{"title":false,"content":false,"excerpt":false},"ar":{"title":false,"content":false,"excerpt":false},"ur":{"title":false,"content":false,"excerpt":false}}},"acf":[],"yoast_head":"<!-- This site is optimized with the Yoast SEO Premium plugin v26.3 (Yoast SEO v26.3) - https:\/\/yoast.com\/wordpress\/plugins\/seo\/ -->\n<title>Page d&#039;accueil | Working Now and Then<\/title>\n<meta name=\"description\" content=\"Les travailleurs sont prot\u00e9g\u00e9s par les lois f\u00e9d\u00e9rales, \u00e9tatiques et locales sur l\u2019emploi et la discrimination. Apprenez plus sur vos droits, et prenez des mesures pour vous prot\u00e9ger si vos droits ont \u00e9t\u00e9 viol\u00e9s.\" \/>\n<meta name=\"robots\" content=\"index, follow, max-snippet:-1, max-image-preview:large, max-video-preview:-1\" \/>\n<link rel=\"canonical\" href=\"https:\/\/www.workingnowandthen.com\/\" \/>\n<meta property=\"og:locale\" content=\"fr_FR\" \/>\n<meta property=\"og:type\" content=\"article\" \/>\n<meta property=\"og:title\" content=\"Page d&#039;accueil | Working Now and Then\" \/>\n<meta property=\"og:description\" content=\"Les travailleurs sont prot\u00e9g\u00e9s par les lois f\u00e9d\u00e9rales, \u00e9tatiques et locales sur l\u2019emploi et la discrimination. Apprenez plus sur vos droits, et prenez des mesures pour vous prot\u00e9ger si vos droits ont \u00e9t\u00e9 viol\u00e9s.\" \/>\n<meta property=\"og:url\" content=\"https:\/\/www.workingnowandthen.com\/\" \/>\n<meta property=\"og:site_name\" content=\"Working Now and Then\" \/>\n<meta property=\"article:modified_time\" content=\"2025-11-03T20:52:53+00:00\" \/>\n<meta name=\"twitter:card\" content=\"summary_large_image\" \/>\n<meta name=\"twitter:site\" content=\"@workingnowthen\" \/>\n<meta name=\"twitter:label1\" content=\"Est. reading time\" \/>\n\t<meta name=\"twitter:data1\" content=\"1 minute\" \/>\n<script type=\"application\/ld+json\" class=\"yoast-schema-graph\">{\"@context\":\"https:\/\/schema.org\",\"@graph\":[{\"@type\":\"WebPage\",\"@id\":\"https:\/\/www.workingnowandthen.com\/\",\"url\":\"https:\/\/www.workingnowandthen.com\/\",\"name\":\"Experienced Employment Lawyers NYC | WNT Legal Resources\",\"isPartOf\":{\"@id\":\"https:\/\/www.workingnowandthen.com\/#website\"},\"datePublished\":\"2020-01-27T18:28:22+00:00\",\"dateModified\":\"2025-11-03T20:52:53+00:00\",\"description\":\"NYC employment lawyers focused on discrimination, harassment, wrongful termination, and retaliation. Call now for a free consultation with an employment lawyer.\",\"breadcrumb\":{\"@id\":\"https:\/\/www.workingnowandthen.com\/#breadcrumb\"},\"inLanguage\":\"fr\",\"potentialAction\":[{\"@type\":\"ReadAction\",\"target\":[\"https:\/\/www.workingnowandthen.com\/\"]}]},{\"@type\":\"BreadcrumbList\",\"@id\":\"https:\/\/www.workingnowandthen.com\/#breadcrumb\",\"itemListElement\":[{\"@type\":\"ListItem\",\"position\":1,\"name\":\"Home\",\"item\":\"https:\/\/www.workingnowandthen.com\/\"},{\"@type\":\"ListItem\",\"position\":2,\"name\":\"Stand Up for Your Rights at Work\"}]},{\"@type\":\"WebSite\",\"@id\":\"https:\/\/www.workingnowandthen.com\/#website\",\"url\":\"https:\/\/www.workingnowandthen.com\/\",\"name\":\"Working Now and Then\",\"description\":\"Working Now And Then\",\"publisher\":{\"@id\":\"https:\/\/www.workingnowandthen.com\/#organization\"},\"potentialAction\":[{\"@type\":\"SearchAction\",\"target\":{\"@type\":\"EntryPoint\",\"urlTemplate\":\"https:\/\/www.workingnowandthen.com\/?s={search_term_string}\"},\"query-input\":{\"@type\":\"PropertyValueSpecification\",\"valueRequired\":true,\"valueName\":\"search_term_string\"}}],\"inLanguage\":\"fr\"},{\"@type\":\"Organization\",\"@id\":\"https:\/\/www.workingnowandthen.com\/#organization\",\"name\":\"Working Now and Then\",\"alternateName\":\"WNT Legal Resources\",\"url\":\"https:\/\/www.workingnowandthen.com\/\",\"logo\":{\"@type\":\"ImageObject\",\"inLanguage\":\"fr\",\"@id\":\"https:\/\/www.workingnowandthen.com\/#\/schema\/logo\/image\/\",\"url\":\"https:\/\/www.workingnowandthen.com\/wp-content\/uploads\/2019\/05\/Screen-Shot-2019-05-17-at-1.27.13-PM-e1558124864659.png\",\"contentUrl\":\"https:\/\/www.workingnowandthen.com\/wp-content\/uploads\/2019\/05\/Screen-Shot-2019-05-17-at-1.27.13-PM-e1558124864659.png\",\"width\":400,\"height\":93,\"caption\":\"Working Now and Then\"},\"image\":{\"@id\":\"https:\/\/www.workingnowandthen.com\/#\/schema\/logo\/image\/\"},\"sameAs\":[\"https:\/\/x.com\/workingnowthen\",\"https:\/\/www.reddit.com\/user\/Charles_Joseph\/\"],\"description\":\"We help workers understand their rights. Charles Joseph, an employment lawyer in NYC, established Working Now and Then to protect workers from discrimination, sexual harassment, wage theft, and other employment violations. He also founded Joseph & Kirschenbaum LLP, an NYC law firm that has recovered over $200 million for clients. Working Now and Then connects workers with employment lawyers and offers free consultations.\",\"email\":\"info@workingnowandthen.com\",\"telephone\":\"2126514238\"}]}<\/script>\n<!-- \/ Yoast SEO Premium plugin. -->","yoast_head_json":{"title":"Page d'accueil | Working Now and Then","description":"Les travailleurs sont prot\u00e9g\u00e9s par les lois f\u00e9d\u00e9rales, \u00e9tatiques et locales sur l\u2019emploi et la discrimination. Apprenez plus sur vos droits, et prenez des mesures pour vous prot\u00e9ger si vos droits ont \u00e9t\u00e9 viol\u00e9s.","robots":{"index":"index","follow":"follow","max-snippet":"max-snippet:-1","max-image-preview":"max-image-preview:large","max-video-preview":"max-video-preview:-1"},"canonical":"https:\/\/www.workingnowandthen.com\/","og_locale":"fr_FR","og_type":"article","og_title":"Page d'accueil | Working Now and Then","og_description":"Les travailleurs sont prot\u00e9g\u00e9s par les lois f\u00e9d\u00e9rales, \u00e9tatiques et locales sur l\u2019emploi et la discrimination. Apprenez plus sur vos droits, et prenez des mesures pour vous prot\u00e9ger si vos droits ont \u00e9t\u00e9 viol\u00e9s.","og_url":"https:\/\/www.workingnowandthen.com\/","og_site_name":"Working Now and Then","article_modified_time":"2025-11-03T20:52:53+00:00","twitter_card":"summary_large_image","twitter_site":"@workingnowthen","twitter_misc":{"Est. reading time":"1 minute"},"schema":{"@context":"https:\/\/schema.org","@graph":[{"@type":"WebPage","@id":"https:\/\/www.workingnowandthen.com\/","url":"https:\/\/www.workingnowandthen.com\/","name":"Experienced Employment Lawyers NYC | WNT Legal Resources","isPartOf":{"@id":"https:\/\/www.workingnowandthen.com\/#website"},"datePublished":"2020-01-27T18:28:22+00:00","dateModified":"2025-11-03T20:52:53+00:00","description":"NYC employment lawyers focused on discrimination, harassment, wrongful termination, and retaliation. Call now for a free consultation with an employment lawyer.","breadcrumb":{"@id":"https:\/\/www.workingnowandthen.com\/#breadcrumb"},"inLanguage":"fr","potentialAction":[{"@type":"ReadAction","target":["https:\/\/www.workingnowandthen.com\/"]}]},{"@type":"BreadcrumbList","@id":"https:\/\/www.workingnowandthen.com\/#breadcrumb","itemListElement":[{"@type":"ListItem","position":1,"name":"Home","item":"https:\/\/www.workingnowandthen.com\/"},{"@type":"ListItem","position":2,"name":"Stand Up for Your Rights at Work"}]},{"@type":"WebSite","@id":"https:\/\/www.workingnowandthen.com\/#website","url":"https:\/\/www.workingnowandthen.com\/","name":"Working Now and Then","description":"Working Now And Then","publisher":{"@id":"https:\/\/www.workingnowandthen.com\/#organization"},"potentialAction":[{"@type":"SearchAction","target":{"@type":"EntryPoint","urlTemplate":"https:\/\/www.workingnowandthen.com\/?s={search_term_string}"},"query-input":{"@type":"PropertyValueSpecification","valueRequired":true,"valueName":"search_term_string"}}],"inLanguage":"fr"},{"@type":"Organization","@id":"https:\/\/www.workingnowandthen.com\/#organization","name":"Working Now and Then","alternateName":"WNT Legal Resources","url":"https:\/\/www.workingnowandthen.com\/","logo":{"@type":"ImageObject","inLanguage":"fr","@id":"https:\/\/www.workingnowandthen.com\/#\/schema\/logo\/image\/","url":"https:\/\/www.workingnowandthen.com\/wp-content\/uploads\/2019\/05\/Screen-Shot-2019-05-17-at-1.27.13-PM-e1558124864659.png","contentUrl":"https:\/\/www.workingnowandthen.com\/wp-content\/uploads\/2019\/05\/Screen-Shot-2019-05-17-at-1.27.13-PM-e1558124864659.png","width":400,"height":93,"caption":"Working Now and Then"},"image":{"@id":"https:\/\/www.workingnowandthen.com\/#\/schema\/logo\/image\/"},"sameAs":["https:\/\/x.com\/workingnowthen","https:\/\/www.reddit.com\/user\/Charles_Joseph\/"],"description":"We help workers understand their rights. Charles Joseph, an employment lawyer in NYC, established Working Now and Then to protect workers from discrimination, sexual harassment, wage theft, and other employment violations. He also founded Joseph & Kirschenbaum LLP, an NYC law firm that has recovered over $200 million for clients. Working Now and Then connects workers with employment lawyers and offers free consultations.","email":"info@workingnowandthen.com","telephone":"2126514238"}]}},"_links":{"self":[{"href":"https:\/\/www.workingnowandthen.com\/fr\/wp-json\/wp\/v2\/pages\/14876","targetHints":{"allow":["GET"]}}],"collection":[{"href":"https:\/\/www.workingnowandthen.com\/fr\/wp-json\/wp\/v2\/pages"}],"about":[{"href":"https:\/\/www.workingnowandthen.com\/fr\/wp-json\/wp\/v2\/types\/page"}],"author":[{"embeddable":true,"href":"https:\/\/www.workingnowandthen.com\/fr\/wp-json\/wp\/v2\/users\/3"}],"replies":[{"embeddable":true,"href":"https:\/\/www.workingnowandthen.com\/fr\/wp-json\/wp\/v2\/comments?post=14876"}],"version-history":[{"count":104,"href":"https:\/\/www.workingnowandthen.com\/fr\/wp-json\/wp\/v2\/pages\/14876\/revisions"}],"predecessor-version":[{"id":345507,"href":"https:\/\/www.workingnowandthen.com\/fr\/wp-json\/wp\/v2\/pages\/14876\/revisions\/345507"}],"wp:attachment":[{"href":"https:\/\/www.workingnowandthen.com\/fr\/wp-json\/wp\/v2\/media?parent=14876"}],"curies":[{"name":"wp","href":"https:\/\/api.w.org\/{rel}","templated":true}]}}