{"id":100,"date":"2018-04-26T00:00:24","date_gmt":"2018-04-26T00:00:24","guid":{"rendered":"http:\/\/localhost\/wnt\/\/"},"modified":"2025-11-11T14:26:31","modified_gmt":"2025-11-11T18:26:31","slug":"about","status":"publish","type":"page","link":"https:\/\/www.workingnowandthen.com\/fr\/a-propos\/","title":{"rendered":"\u00c0 propos Working Now and Then"},"content":{"rendered":"<p><span style=\"font-weight: 400;\">Working: Now and Then est une ressource pour les travailleurs et pour ceux pour qui ils comptent. L&#8217;article Vos Droits fournit des informations d\u00e9taill\u00e9es sur le droit du travail et sur les droits des travailleurs, y compris quoi faire si vos droits ont \u00e9t\u00e9 enfreints. Notre section \u00c9l\u00e8ve\/\u00c9tudiant explore l&#8217;histoire de la main d\u2019\u0153uvre \u00e0 travers des travaux universitaires, articles de blogs, et une bibliographie annot\u00e9e. Sur la page Militant, nous fournissons des ressources sur les militants pour les droits des travailleurs, et la section Multim\u00e9dia explore les arts, les chansons et les livres sur le travail.<\/span><\/p>\n<h2><span style=\"font-weight: 400;\">Notre \u00e9quipe<\/span><\/h2>\n<p><span style=\"font-weight: 400;\">Charles Joseph a des ann\u00e9es d&#8217;exp\u00e9rience en r\u00e9cup\u00e9ration d&#8217;argent pour les travailleurs. En tant qu&#8217;expert sur le droit du travail, Charles a cr\u00e9\u00e9 le site Working : Now and Then pour aider les travailleurs \u00e0 comprendre leurs droits. En plus de juristes, le site publie aussi les contributions d&#8217;universitaires sur l&#8217;histoire du travail.<\/span><\/p>\n<p><span style=\"font-weight: 400;\">En savoir plus sur notre \u00e9quipe.<\/span><\/p>\n<h2><span style=\"font-weight: 400;\">Notre Mission<\/span><\/h2>\n<p><span style=\"font-weight: 400;\">Charles Joseph a fond\u00e9 Working: Now and Then pour atteindre les travailleurs dont les droits ont \u00e9t\u00e9 viol\u00e9s. En tant qu&#8217;avocat pour l&#8217;emploi, Charles a con\u00e7u le site pour capturer l&#8217;int\u00e9gralit\u00e9 de l&#8217;exp\u00e9rience des travailleurs. En plus d&#8217;offrir de l&#8217;aide aux travailleurs qui naviguent dans le syst\u00e8me juridique, Working: Now and Then fournit des ressources savantes, des informations d&#8217;activiste et du contenu multim\u00e9dia. Working: Now and Then favorise une meilleure compr\u00e9hension du monde social et \u00e9conomique actuel \u00e0 travers des mat\u00e9riaux sur les travailleurs et leurs droits.<\/span><\/p>\n","protected":false},"excerpt":{"rendered":"Working: Now and Then est une ressource pour les travailleurs et pour ceux pour qui ils comptent. L&#8217;article Vos Droits fournit des informations d\u00e9taill\u00e9es sur le droit du travail et sur les droits des travailleurs, y compris quoi faire si vos droits ont \u00e9t\u00e9 enfreints. Notre section \u00c9l\u00e8ve\/\u00c9tudiant explore l&#8217;histoire de la main d\u2019\u0153uvre \u00e0&#8230; <a class=\"view-article\" href=\"https:\/\/www.workingnowandthen.com\/fr\/a-propos\/\">View Article<\/a>","protected":false},"author":1,"featured_media":0,"parent":0,"menu_order":0,"comment_status":"closed","ping_status":"closed","template":"template-focus.php","meta":{"_acf_changed":false,"footnotes":""},"class_list":["post-100","page","type-page","status-publish","hentry"],"translation":{"provider":"WPGlobus","version":"3.0.0","language":"fr","enabled_languages":["en","es","fr","ru","zh","ar","ur"],"languages":{"en":{"title":true,"content":true,"excerpt":false},"es":{"title":true,"content":true,"excerpt":false},"fr":{"title":true,"content":true,"excerpt":false},"ru":{"title":true,"content":true,"excerpt":false},"zh":{"title":true,"content":true,"excerpt":false},"ar":{"title":true,"content":true,"excerpt":false},"ur":{"title":true,"content":true,"excerpt":false}}},"acf":[],"yoast_head":"<!-- This site is optimized with the Yoast SEO Premium plugin v26.3 (Yoast SEO v26.3) - https:\/\/yoast.com\/wordpress\/plugins\/seo\/ -->\n<title>\u00c0 propos Working Now and Then | WNT Legal Resources<\/title>\n<meta name=\"description\" content=\"Working: Now and Then est une ressource pour les travailleurs et pour ceux pour qui ils comptent. L&#039;article Vos Droits fournit des informations d\u00e9taill\u00e9es sur le droit du travail et sur les droits des travailleurs, y compris quoi faire si vos droits ont \u00e9t\u00e9 enfreints.\" \/>\n<meta name=\"robots\" content=\"index, follow, max-snippet:-1, max-image-preview:large, max-video-preview:-1\" \/>\n<link rel=\"canonical\" href=\"https:\/\/www.workingnowandthen.com\/about\/\" \/>\n<meta property=\"og:locale\" content=\"fr_FR\" \/>\n<meta property=\"og:type\" content=\"article\" \/>\n<meta property=\"og:title\" content=\"\u00c0 propos Working Now and Then | Working Now and Then\" \/>\n<meta property=\"og:description\" content=\"Working: Now and Then est une ressource pour les travailleurs et pour ceux pour qui ils comptent. L&#039;article Vos Droits fournit des informations d\u00e9taill\u00e9es sur le droit du travail et sur les droits des travailleurs, y compris quoi faire si vos droits ont \u00e9t\u00e9 enfreints.\" \/>\n<meta property=\"og:url\" content=\"https:\/\/www.workingnowandthen.com\/about\/\" \/>\n<meta property=\"og:site_name\" content=\"Working Now and Then\" \/>\n<meta property=\"article:modified_time\" content=\"2025-11-11T18:26:31+00:00\" \/>\n<meta property=\"og:image\" content=\"https:\/\/www.workingnowandthen.com\/wp-content\/uploads\/2020\/10\/Screen-Shot-2018-10-19-at-4.14.15-PM.png\" \/>\n\t<meta property=\"og:image:width\" content=\"1112\" \/>\n\t<meta property=\"og:image:height\" content=\"536\" \/>\n\t<meta property=\"og:image:type\" content=\"image\/png\" \/>\n<meta name=\"twitter:card\" content=\"summary_large_image\" \/>\n<meta name=\"twitter:site\" content=\"@workingnowthen\" \/>\n<meta name=\"twitter:label1\" content=\"Est. reading time\" \/>\n\t<meta name=\"twitter:data1\" content=\"3 minutes\" \/>\n<script type=\"application\/ld+json\" class=\"yoast-schema-graph\">{\"@context\":\"https:\/\/schema.org\",\"@graph\":[{\"@type\":[\"WebPage\",\"AboutPage\"],\"@id\":\"https:\/\/www.workingnowandthen.com\/about\/\",\"url\":\"https:\/\/www.workingnowandthen.com\/about\/\",\"name\":\"\u00c0 propos Working Now and Then | WNT Legal Resources\",\"isPartOf\":{\"@id\":\"https:\/\/www.workingnowandthen.com\/#website\"},\"primaryImageOfPage\":{\"@id\":\"https:\/\/www.workingnowandthen.com\/about\/#primaryimage\"},\"image\":{\"@id\":\"https:\/\/www.workingnowandthen.com\/about\/#primaryimage\"},\"thumbnailUrl\":\"https:\/\/www.workingnowandthen.com\/wp-content\/uploads\/2020\/10\/Screen-Shot-2018-10-19-at-4.14.15-PM-700x337.png\",\"datePublished\":\"2018-04-26T00:00:24+00:00\",\"dateModified\":\"2025-11-11T18:26:31+00:00\",\"description\":\"Working Now and Then is a resource for workers and those who care about them. Learn more about the site and the team behind WNT Legal Resources.\",\"breadcrumb\":{\"@id\":\"https:\/\/www.workingnowandthen.com\/about\/#breadcrumb\"},\"inLanguage\":\"fr\",\"potentialAction\":[{\"@type\":\"ReadAction\",\"target\":[\"https:\/\/www.workingnowandthen.com\/about\/\"]}]},{\"@type\":\"ImageObject\",\"inLanguage\":\"fr\",\"@id\":\"https:\/\/www.workingnowandthen.com\/about\/#primaryimage\",\"url\":\"https:\/\/www.workingnowandthen.com\/wp-content\/uploads\/2020\/10\/Screen-Shot-2018-10-19-at-4.14.15-PM-700x337.png\",\"contentUrl\":\"https:\/\/www.workingnowandthen.com\/wp-content\/uploads\/2020\/10\/Screen-Shot-2018-10-19-at-4.14.15-PM-700x337.png\"},{\"@type\":\"BreadcrumbList\",\"@id\":\"https:\/\/www.workingnowandthen.com\/about\/#breadcrumb\",\"itemListElement\":[{\"@type\":\"ListItem\",\"position\":1,\"name\":\"Home\",\"item\":\"https:\/\/www.workingnowandthen.com\/\"},{\"@type\":\"ListItem\",\"position\":2,\"name\":\"About Working Now and Then\"}]},{\"@type\":\"WebSite\",\"@id\":\"https:\/\/www.workingnowandthen.com\/#website\",\"url\":\"https:\/\/www.workingnowandthen.com\/\",\"name\":\"Working Now and Then\",\"description\":\"Working Now And Then\",\"publisher\":{\"@id\":\"https:\/\/www.workingnowandthen.com\/#organization\"},\"potentialAction\":[{\"@type\":\"SearchAction\",\"target\":{\"@type\":\"EntryPoint\",\"urlTemplate\":\"https:\/\/www.workingnowandthen.com\/?s={search_term_string}\"},\"query-input\":{\"@type\":\"PropertyValueSpecification\",\"valueRequired\":true,\"valueName\":\"search_term_string\"}}],\"inLanguage\":\"fr\"},{\"@type\":\"Organization\",\"@id\":\"https:\/\/www.workingnowandthen.com\/#organization\",\"name\":\"Working Now and Then\",\"alternateName\":\"WNT Legal Resources\",\"url\":\"https:\/\/www.workingnowandthen.com\/\",\"logo\":{\"@type\":\"ImageObject\",\"inLanguage\":\"fr\",\"@id\":\"https:\/\/www.workingnowandthen.com\/#\/schema\/logo\/image\/\",\"url\":\"https:\/\/www.workingnowandthen.com\/wp-content\/uploads\/2019\/05\/Screen-Shot-2019-05-17-at-1.27.13-PM-e1558124864659.png\",\"contentUrl\":\"https:\/\/www.workingnowandthen.com\/wp-content\/uploads\/2019\/05\/Screen-Shot-2019-05-17-at-1.27.13-PM-e1558124864659.png\",\"width\":400,\"height\":93,\"caption\":\"Working Now and Then\"},\"image\":{\"@id\":\"https:\/\/www.workingnowandthen.com\/#\/schema\/logo\/image\/\"},\"sameAs\":[\"https:\/\/x.com\/workingnowthen\",\"https:\/\/www.reddit.com\/user\/Charles_Joseph\/\"],\"description\":\"We help workers understand their rights. Charles Joseph, an employment lawyer in NYC, established Working Now and Then to protect workers from discrimination, sexual harassment, wage theft, and other employment violations. He also founded Joseph & Kirschenbaum LLP, an NYC law firm that has recovered over $200 million for clients. Working Now and Then connects workers with employment lawyers and offers free consultations.\",\"email\":\"info@workingnowandthen.com\",\"telephone\":\"2126514238\"}]}<\/script>\n<!-- \/ Yoast SEO Premium plugin. -->","yoast_head_json":{"title":"\u00c0 propos Working Now and Then | WNT Legal Resources","description":"Working: Now and Then est une ressource pour les travailleurs et pour ceux pour qui ils comptent. L'article Vos Droits fournit des informations d\u00e9taill\u00e9es sur le droit du travail et sur les droits des travailleurs, y compris quoi faire si vos droits ont \u00e9t\u00e9 enfreints.","robots":{"index":"index","follow":"follow","max-snippet":"max-snippet:-1","max-image-preview":"max-image-preview:large","max-video-preview":"max-video-preview:-1"},"canonical":"https:\/\/www.workingnowandthen.com\/about\/","og_locale":"fr_FR","og_type":"article","og_title":"\u00c0 propos Working Now and Then | Working Now and Then","og_description":"Working: Now and Then est une ressource pour les travailleurs et pour ceux pour qui ils comptent. L'article Vos Droits fournit des informations d\u00e9taill\u00e9es sur le droit du travail et sur les droits des travailleurs, y compris quoi faire si vos droits ont \u00e9t\u00e9 enfreints.","og_url":"https:\/\/www.workingnowandthen.com\/about\/","og_site_name":"Working Now and Then","article_modified_time":"2025-11-11T18:26:31+00:00","og_image":[{"width":1112,"height":536,"url":"https:\/\/www.workingnowandthen.com\/wp-content\/uploads\/2020\/10\/Screen-Shot-2018-10-19-at-4.14.15-PM.png","type":"image\/png"}],"twitter_card":"summary_large_image","twitter_site":"@workingnowthen","twitter_misc":{"Est. reading time":"3 minutes"},"schema":{"@context":"https:\/\/schema.org","@graph":[{"@type":["WebPage","AboutPage"],"@id":"https:\/\/www.workingnowandthen.com\/about\/","url":"https:\/\/www.workingnowandthen.com\/about\/","name":"\u00c0 propos Working Now and Then | WNT Legal Resources","isPartOf":{"@id":"https:\/\/www.workingnowandthen.com\/#website"},"primaryImageOfPage":{"@id":"https:\/\/www.workingnowandthen.com\/about\/#primaryimage"},"image":{"@id":"https:\/\/www.workingnowandthen.com\/about\/#primaryimage"},"thumbnailUrl":"https:\/\/www.workingnowandthen.com\/wp-content\/uploads\/2020\/10\/Screen-Shot-2018-10-19-at-4.14.15-PM-700x337.png","datePublished":"2018-04-26T00:00:24+00:00","dateModified":"2025-11-11T18:26:31+00:00","description":"Working Now and Then is a resource for workers and those who care about them. Learn more about the site and the team behind WNT Legal Resources.","breadcrumb":{"@id":"https:\/\/www.workingnowandthen.com\/about\/#breadcrumb"},"inLanguage":"fr","potentialAction":[{"@type":"ReadAction","target":["https:\/\/www.workingnowandthen.com\/about\/"]}]},{"@type":"ImageObject","inLanguage":"fr","@id":"https:\/\/www.workingnowandthen.com\/about\/#primaryimage","url":"https:\/\/www.workingnowandthen.com\/wp-content\/uploads\/2020\/10\/Screen-Shot-2018-10-19-at-4.14.15-PM-700x337.png","contentUrl":"https:\/\/www.workingnowandthen.com\/wp-content\/uploads\/2020\/10\/Screen-Shot-2018-10-19-at-4.14.15-PM-700x337.png"},{"@type":"BreadcrumbList","@id":"https:\/\/www.workingnowandthen.com\/about\/#breadcrumb","itemListElement":[{"@type":"ListItem","position":1,"name":"Home","item":"https:\/\/www.workingnowandthen.com\/"},{"@type":"ListItem","position":2,"name":"About Working Now and Then"}]},{"@type":"WebSite","@id":"https:\/\/www.workingnowandthen.com\/#website","url":"https:\/\/www.workingnowandthen.com\/","name":"Working Now and Then","description":"Working Now And Then","publisher":{"@id":"https:\/\/www.workingnowandthen.com\/#organization"},"potentialAction":[{"@type":"SearchAction","target":{"@type":"EntryPoint","urlTemplate":"https:\/\/www.workingnowandthen.com\/?s={search_term_string}"},"query-input":{"@type":"PropertyValueSpecification","valueRequired":true,"valueName":"search_term_string"}}],"inLanguage":"fr"},{"@type":"Organization","@id":"https:\/\/www.workingnowandthen.com\/#organization","name":"Working Now and Then","alternateName":"WNT Legal Resources","url":"https:\/\/www.workingnowandthen.com\/","logo":{"@type":"ImageObject","inLanguage":"fr","@id":"https:\/\/www.workingnowandthen.com\/#\/schema\/logo\/image\/","url":"https:\/\/www.workingnowandthen.com\/wp-content\/uploads\/2019\/05\/Screen-Shot-2019-05-17-at-1.27.13-PM-e1558124864659.png","contentUrl":"https:\/\/www.workingnowandthen.com\/wp-content\/uploads\/2019\/05\/Screen-Shot-2019-05-17-at-1.27.13-PM-e1558124864659.png","width":400,"height":93,"caption":"Working Now and Then"},"image":{"@id":"https:\/\/www.workingnowandthen.com\/#\/schema\/logo\/image\/"},"sameAs":["https:\/\/x.com\/workingnowthen","https:\/\/www.reddit.com\/user\/Charles_Joseph\/"],"description":"We help workers understand their rights. Charles Joseph, an employment lawyer in NYC, established Working Now and Then to protect workers from discrimination, sexual harassment, wage theft, and other employment violations. He also founded Joseph & Kirschenbaum LLP, an NYC law firm that has recovered over $200 million for clients. Working Now and Then connects workers with employment lawyers and offers free consultations.","email":"info@workingnowandthen.com","telephone":"2126514238"}]}},"_links":{"self":[{"href":"https:\/\/www.workingnowandthen.com\/fr\/wp-json\/wp\/v2\/pages\/100","targetHints":{"allow":["GET"]}}],"collection":[{"href":"https:\/\/www.workingnowandthen.com\/fr\/wp-json\/wp\/v2\/pages"}],"about":[{"href":"https:\/\/www.workingnowandthen.com\/fr\/wp-json\/wp\/v2\/types\/page"}],"author":[{"embeddable":true,"href":"https:\/\/www.workingnowandthen.com\/fr\/wp-json\/wp\/v2\/users\/1"}],"replies":[{"embeddable":true,"href":"https:\/\/www.workingnowandthen.com\/fr\/wp-json\/wp\/v2\/comments?post=100"}],"version-history":[{"count":60,"href":"https:\/\/www.workingnowandthen.com\/fr\/wp-json\/wp\/v2\/pages\/100\/revisions"}],"predecessor-version":[{"id":345539,"href":"https:\/\/www.workingnowandthen.com\/fr\/wp-json\/wp\/v2\/pages\/100\/revisions\/345539"}],"wp:attachment":[{"href":"https:\/\/www.workingnowandthen.com\/fr\/wp-json\/wp\/v2\/media?parent=100"}],"curies":[{"name":"wp","href":"https:\/\/api.w.org\/{rel}","templated":true}]}}