{"id":96,"date":"2017-12-27T16:18:48","date_gmt":"2017-12-27T16:18:48","guid":{"rendered":"http:\/\/localhost\/wnt\/\/"},"modified":"2025-11-11T14:07:52","modified_gmt":"2025-11-11T18:07:52","slug":"our-team","status":"publish","type":"page","link":"https:\/\/www.workingnowandthen.com\/es\/nuestro-equipo\/","title":{"rendered":"Nuestro equipo"},"content":{"rendered":"<p><span style=\"font-weight: 400;\">Charles Joseph tiene d\u00e9cadas de experiencia en la recuperaci\u00f3n de dinero para los trabajadores. Como experto en derecho laboral, Charles cre\u00f3 el sitio web Working: Now and Then para ayudar a los trabajadores a comprender sus derechos. Adem\u00e1s de expertos legales, el sitio tambi\u00e9n publica contribuciones de expertos acad\u00e9micos en la historia del trabajo.<\/span><\/p>\n<p><span style=\"font-weight: 400;\">Conozca m\u00e1s sobre nuestro equipo.<\/span><\/p>\n","protected":false},"excerpt":{"rendered":"Charles Joseph tiene d\u00e9cadas de experiencia en la recuperaci\u00f3n de dinero para los trabajadores. Como experto en derecho laboral, Charles cre\u00f3 el sitio web Working: Now and Then para ayudar a los trabajadores a comprender sus derechos. Adem\u00e1s de expertos legales, el sitio tambi\u00e9n publica contribuciones de expertos acad\u00e9micos en la historia del trabajo. Conozca&#8230; <a class=\"view-article\" href=\"https:\/\/www.workingnowandthen.com\/es\/nuestro-equipo\/\">View Article<\/a>","protected":false},"author":1,"featured_media":0,"parent":0,"menu_order":0,"comment_status":"closed","ping_status":"closed","template":"template-team.php","meta":{"_acf_changed":false,"footnotes":""},"class_list":["post-96","page","type-page","status-publish","hentry"],"translation":{"provider":"WPGlobus","version":"3.0.0","language":"es","enabled_languages":["en","es","fr","ru","zh","ar","ur"],"languages":{"en":{"title":true,"content":true,"excerpt":false},"es":{"title":true,"content":true,"excerpt":false},"fr":{"title":true,"content":true,"excerpt":false},"ru":{"title":true,"content":true,"excerpt":false},"zh":{"title":true,"content":true,"excerpt":false},"ar":{"title":true,"content":true,"excerpt":false},"ur":{"title":true,"content":true,"excerpt":false}}},"acf":[],"yoast_head":"<!-- This site is optimized with the Yoast SEO Premium plugin v26.3 (Yoast SEO v26.3) - https:\/\/yoast.com\/wordpress\/plugins\/seo\/ -->\n<title>Nuestro equipo | Working Now and Then<\/title>\n<meta name=\"description\" content=\"Charles Joseph tiene d\u00e9cadas de experiencia en la recuperaci\u00f3n de dinero para los trabajadores. Como experto en derecho laboral, Charles cre\u00f3 el sitio web Working: Now and Then para ayudar a los trabajadores a comprender sus derechos.\" \/>\n<meta name=\"robots\" content=\"index, follow, max-snippet:-1, max-image-preview:large, max-video-preview:-1\" \/>\n<link rel=\"canonical\" href=\"https:\/\/www.workingnowandthen.com\/our-team\/\" \/>\n<meta property=\"og:locale\" content=\"es_ES\" \/>\n<meta property=\"og:type\" content=\"article\" \/>\n<meta property=\"og:title\" content=\"Nuestro equipo | Working Now and Then\" \/>\n<meta property=\"og:description\" content=\"Charles Joseph tiene d\u00e9cadas de experiencia en la recuperaci\u00f3n de dinero para los trabajadores. Como experto en derecho laboral, Charles cre\u00f3 el sitio web Working: Now and Then para ayudar a los trabajadores a comprender sus derechos.\" \/>\n<meta property=\"og:url\" content=\"https:\/\/www.workingnowandthen.com\/our-team\/\" \/>\n<meta property=\"og:site_name\" content=\"Working Now and Then\" \/>\n<meta property=\"article:modified_time\" content=\"2025-11-11T18:07:52+00:00\" \/>\n<meta property=\"og:image\" content=\"https:\/\/www.workingnowandthen.com\/wp-content\/uploads\/2025\/04\/Charles-Intro.png\" \/>\n\t<meta property=\"og:image:width\" content=\"660\" \/>\n\t<meta property=\"og:image:height\" content=\"510\" \/>\n\t<meta property=\"og:image:type\" content=\"image\/png\" \/>\n<meta name=\"twitter:card\" content=\"summary_large_image\" \/>\n<meta name=\"twitter:site\" content=\"@workingnowthen\" \/>\n<meta name=\"twitter:label1\" content=\"Est. reading time\" \/>\n\t<meta name=\"twitter:data1\" content=\"1 minute\" \/>\n<script type=\"application\/ld+json\" class=\"yoast-schema-graph\">{\"@context\":\"https:\/\/schema.org\",\"@graph\":[{\"@type\":\"WebPage\",\"@id\":\"https:\/\/www.workingnowandthen.com\/our-team\/\",\"url\":\"https:\/\/www.workingnowandthen.com\/our-team\/\",\"name\":\"Nuestro equipo | Working Now and Then\",\"isPartOf\":{\"@id\":\"https:\/\/www.workingnowandthen.com\/#website\"},\"primaryImageOfPage\":{\"@id\":\"https:\/\/www.workingnowandthen.com\/our-team\/#primaryimage\"},\"image\":{\"@id\":\"https:\/\/www.workingnowandthen.com\/our-team\/#primaryimage\"},\"thumbnailUrl\":\"https:\/\/www.workingnowandthen.com\/wp-content\/uploads\/2025\/04\/Charles-Intro.png\",\"datePublished\":\"2017-12-27T16:18:48+00:00\",\"dateModified\":\"2025-11-11T18:07:52+00:00\",\"description\":\"Working: Now and Then includes experts in employment law and workers' rights, as well as scholarly contributors to the site. Learn more about our team.\",\"breadcrumb\":{\"@id\":\"https:\/\/www.workingnowandthen.com\/our-team\/#breadcrumb\"},\"inLanguage\":\"es\",\"potentialAction\":[{\"@type\":\"ReadAction\",\"target\":[\"https:\/\/www.workingnowandthen.com\/our-team\/\"]}]},{\"@type\":\"ImageObject\",\"inLanguage\":\"es\",\"@id\":\"https:\/\/www.workingnowandthen.com\/our-team\/#primaryimage\",\"url\":\"https:\/\/www.workingnowandthen.com\/wp-content\/uploads\/2025\/04\/Charles-Intro.png\",\"contentUrl\":\"https:\/\/www.workingnowandthen.com\/wp-content\/uploads\/2025\/04\/Charles-Intro.png\"},{\"@type\":\"BreadcrumbList\",\"@id\":\"https:\/\/www.workingnowandthen.com\/our-team\/#breadcrumb\",\"itemListElement\":[{\"@type\":\"ListItem\",\"position\":1,\"name\":\"Home\",\"item\":\"https:\/\/www.workingnowandthen.com\/\"},{\"@type\":\"ListItem\",\"position\":2,\"name\":\"Our Team\"}]},{\"@type\":\"WebSite\",\"@id\":\"https:\/\/www.workingnowandthen.com\/#website\",\"url\":\"https:\/\/www.workingnowandthen.com\/\",\"name\":\"Working Now and Then\",\"description\":\"Working Now And Then\",\"publisher\":{\"@id\":\"https:\/\/www.workingnowandthen.com\/#organization\"},\"potentialAction\":[{\"@type\":\"SearchAction\",\"target\":{\"@type\":\"EntryPoint\",\"urlTemplate\":\"https:\/\/www.workingnowandthen.com\/?s={search_term_string}\"},\"query-input\":{\"@type\":\"PropertyValueSpecification\",\"valueRequired\":true,\"valueName\":\"search_term_string\"}}],\"inLanguage\":\"es\"},{\"@type\":\"Organization\",\"@id\":\"https:\/\/www.workingnowandthen.com\/#organization\",\"name\":\"Working Now and Then\",\"alternateName\":\"WNT Legal Resources\",\"url\":\"https:\/\/www.workingnowandthen.com\/\",\"logo\":{\"@type\":\"ImageObject\",\"inLanguage\":\"es\",\"@id\":\"https:\/\/www.workingnowandthen.com\/#\/schema\/logo\/image\/\",\"url\":\"https:\/\/www.workingnowandthen.com\/wp-content\/uploads\/2019\/05\/Screen-Shot-2019-05-17-at-1.27.13-PM-e1558124864659.png\",\"contentUrl\":\"https:\/\/www.workingnowandthen.com\/wp-content\/uploads\/2019\/05\/Screen-Shot-2019-05-17-at-1.27.13-PM-e1558124864659.png\",\"width\":400,\"height\":93,\"caption\":\"Working Now and Then\"},\"image\":{\"@id\":\"https:\/\/www.workingnowandthen.com\/#\/schema\/logo\/image\/\"},\"sameAs\":[\"https:\/\/x.com\/workingnowthen\",\"https:\/\/www.reddit.com\/user\/Charles_Joseph\/\"],\"description\":\"We help workers understand their rights. Charles Joseph, an employment lawyer in NYC, established Working Now and Then to protect workers from discrimination, sexual harassment, wage theft, and other employment violations. He also founded Joseph & Kirschenbaum LLP, an NYC law firm that has recovered over $200 million for clients. Working Now and Then connects workers with employment lawyers and offers free consultations.\",\"email\":\"info@workingnowandthen.com\",\"telephone\":\"2126514238\"}]}<\/script>\n<!-- \/ Yoast SEO Premium plugin. -->","yoast_head_json":{"title":"Nuestro equipo | Working Now and Then","description":"Charles Joseph tiene d\u00e9cadas de experiencia en la recuperaci\u00f3n de dinero para los trabajadores. Como experto en derecho laboral, Charles cre\u00f3 el sitio web Working: Now and Then para ayudar a los trabajadores a comprender sus derechos.","robots":{"index":"index","follow":"follow","max-snippet":"max-snippet:-1","max-image-preview":"max-image-preview:large","max-video-preview":"max-video-preview:-1"},"canonical":"https:\/\/www.workingnowandthen.com\/our-team\/","og_locale":"es_ES","og_type":"article","og_title":"Nuestro equipo | Working Now and Then","og_description":"Charles Joseph tiene d\u00e9cadas de experiencia en la recuperaci\u00f3n de dinero para los trabajadores. Como experto en derecho laboral, Charles cre\u00f3 el sitio web Working: Now and Then para ayudar a los trabajadores a comprender sus derechos.","og_url":"https:\/\/www.workingnowandthen.com\/our-team\/","og_site_name":"Working Now and Then","article_modified_time":"2025-11-11T18:07:52+00:00","og_image":[{"width":660,"height":510,"url":"https:\/\/www.workingnowandthen.com\/wp-content\/uploads\/2025\/04\/Charles-Intro.png","type":"image\/png"}],"twitter_card":"summary_large_image","twitter_site":"@workingnowthen","twitter_misc":{"Est. reading time":"1 minute"},"schema":{"@context":"https:\/\/schema.org","@graph":[{"@type":"WebPage","@id":"https:\/\/www.workingnowandthen.com\/our-team\/","url":"https:\/\/www.workingnowandthen.com\/our-team\/","name":"Nuestro equipo | Working Now and Then","isPartOf":{"@id":"https:\/\/www.workingnowandthen.com\/#website"},"primaryImageOfPage":{"@id":"https:\/\/www.workingnowandthen.com\/our-team\/#primaryimage"},"image":{"@id":"https:\/\/www.workingnowandthen.com\/our-team\/#primaryimage"},"thumbnailUrl":"https:\/\/www.workingnowandthen.com\/wp-content\/uploads\/2025\/04\/Charles-Intro.png","datePublished":"2017-12-27T16:18:48+00:00","dateModified":"2025-11-11T18:07:52+00:00","description":"Working: Now and Then includes experts in employment law and workers' rights, as well as scholarly contributors to the site. Learn more about our team.","breadcrumb":{"@id":"https:\/\/www.workingnowandthen.com\/our-team\/#breadcrumb"},"inLanguage":"es","potentialAction":[{"@type":"ReadAction","target":["https:\/\/www.workingnowandthen.com\/our-team\/"]}]},{"@type":"ImageObject","inLanguage":"es","@id":"https:\/\/www.workingnowandthen.com\/our-team\/#primaryimage","url":"https:\/\/www.workingnowandthen.com\/wp-content\/uploads\/2025\/04\/Charles-Intro.png","contentUrl":"https:\/\/www.workingnowandthen.com\/wp-content\/uploads\/2025\/04\/Charles-Intro.png"},{"@type":"BreadcrumbList","@id":"https:\/\/www.workingnowandthen.com\/our-team\/#breadcrumb","itemListElement":[{"@type":"ListItem","position":1,"name":"Home","item":"https:\/\/www.workingnowandthen.com\/"},{"@type":"ListItem","position":2,"name":"Our Team"}]},{"@type":"WebSite","@id":"https:\/\/www.workingnowandthen.com\/#website","url":"https:\/\/www.workingnowandthen.com\/","name":"Working Now and Then","description":"Working Now And Then","publisher":{"@id":"https:\/\/www.workingnowandthen.com\/#organization"},"potentialAction":[{"@type":"SearchAction","target":{"@type":"EntryPoint","urlTemplate":"https:\/\/www.workingnowandthen.com\/?s={search_term_string}"},"query-input":{"@type":"PropertyValueSpecification","valueRequired":true,"valueName":"search_term_string"}}],"inLanguage":"es"},{"@type":"Organization","@id":"https:\/\/www.workingnowandthen.com\/#organization","name":"Working Now and Then","alternateName":"WNT Legal Resources","url":"https:\/\/www.workingnowandthen.com\/","logo":{"@type":"ImageObject","inLanguage":"es","@id":"https:\/\/www.workingnowandthen.com\/#\/schema\/logo\/image\/","url":"https:\/\/www.workingnowandthen.com\/wp-content\/uploads\/2019\/05\/Screen-Shot-2019-05-17-at-1.27.13-PM-e1558124864659.png","contentUrl":"https:\/\/www.workingnowandthen.com\/wp-content\/uploads\/2019\/05\/Screen-Shot-2019-05-17-at-1.27.13-PM-e1558124864659.png","width":400,"height":93,"caption":"Working Now and Then"},"image":{"@id":"https:\/\/www.workingnowandthen.com\/#\/schema\/logo\/image\/"},"sameAs":["https:\/\/x.com\/workingnowthen","https:\/\/www.reddit.com\/user\/Charles_Joseph\/"],"description":"We help workers understand their rights. Charles Joseph, an employment lawyer in NYC, established Working Now and Then to protect workers from discrimination, sexual harassment, wage theft, and other employment violations. He also founded Joseph & Kirschenbaum LLP, an NYC law firm that has recovered over $200 million for clients. Working Now and Then connects workers with employment lawyers and offers free consultations.","email":"info@workingnowandthen.com","telephone":"2126514238"}]}},"_links":{"self":[{"href":"https:\/\/www.workingnowandthen.com\/es\/wp-json\/wp\/v2\/pages\/96","targetHints":{"allow":["GET"]}}],"collection":[{"href":"https:\/\/www.workingnowandthen.com\/es\/wp-json\/wp\/v2\/pages"}],"about":[{"href":"https:\/\/www.workingnowandthen.com\/es\/wp-json\/wp\/v2\/types\/page"}],"author":[{"embeddable":true,"href":"https:\/\/www.workingnowandthen.com\/es\/wp-json\/wp\/v2\/users\/1"}],"replies":[{"embeddable":true,"href":"https:\/\/www.workingnowandthen.com\/es\/wp-json\/wp\/v2\/comments?post=96"}],"version-history":[{"count":21,"href":"https:\/\/www.workingnowandthen.com\/es\/wp-json\/wp\/v2\/pages\/96\/revisions"}],"predecessor-version":[{"id":345517,"href":"https:\/\/www.workingnowandthen.com\/es\/wp-json\/wp\/v2\/pages\/96\/revisions\/345517"}],"wp:attachment":[{"href":"https:\/\/www.workingnowandthen.com\/es\/wp-json\/wp\/v2\/media?parent=96"}],"curies":[{"name":"wp","href":"https:\/\/api.w.org\/{rel}","templated":true}]}}