{"id":18,"date":"2017-12-26T22:42:56","date_gmt":"2017-12-26T22:42:56","guid":{"rendered":"http:\/\/localhost\/wnt\/\/"},"modified":"2025-11-07T14:03:11","modified_gmt":"2025-11-07T18:03:11","slug":"contact-us","status":"publish","type":"page","link":"https:\/\/www.workingnowandthen.com\/es\/contactenos\/","title":{"rendered":"Cont\u00e1ctenos"},"content":{"rendered":"<div class=\"row\">\n<div class=\"col-lg-6 order-2 order-lg-1\">\n<h1>Cont\u00e1ctenos para una Consulta Gratuita<\/h1>\n<p>Charles Joseph ofrece consultas gratuitas para personas que est\u00e1n considerando una demanda judicial por discriminaci\u00f3n, acoso sexual, robo de salarios, y m\u00e1s. Si sus derechos fueron violados, p\u00f3ngase en contacto con el abogado de derecho laboral en Nueva York Charles Joseph para saber si tiene un caso.<\/p>\n<h3>Informaci\u00f3n de contacto<\/h3>\n<p><strong>Direcci\u00f3n: <\/strong>45 Broadway #320<\/p>\n<p>New York, NY, 10006<\/p>\n<p><strong>Tel: <\/strong>(212) 651-4238<\/p>\n<\/div>\n<div class=\"col-lg-6 order-1 order-lg-2\">\n<h3>Cont\u00e1ctenos<\/h3>\n\n<div class=\"wpcf7 no-js\" id=\"wpcf7-f4284-o1\" lang=\"en-US\" dir=\"ltr\" data-wpcf7-id=\"4284\">\n<div class=\"screen-reader-response\"><p role=\"status\" aria-live=\"polite\" aria-atomic=\"true\"><\/p> <ul><\/ul><\/div>\n<form action=\"\/es\/wp-json\/wp\/v2\/pages\/18#wpcf7-f4284-o1\" method=\"post\" class=\"wpcf7-form init\" aria-label=\"Contact form\" novalidate=\"novalidate\" data-status=\"init\">\n<fieldset class=\"hidden-fields-container\"><input type=\"hidden\" name=\"_wpcf7\" value=\"4284\" \/><input type=\"hidden\" name=\"_wpcf7_version\" value=\"6.1.2\" \/><input type=\"hidden\" name=\"_wpcf7_locale\" value=\"en_US\" \/><input type=\"hidden\" name=\"_wpcf7_unit_tag\" value=\"wpcf7-f4284-o1\" \/><input type=\"hidden\" name=\"_wpcf7_container_post\" value=\"0\" \/><input type=\"hidden\" name=\"_wpcf7_posted_data_hash\" value=\"\" \/><input type=\"hidden\" name=\"_wpcf7_recaptcha_response\" value=\"\" \/>\n<\/fieldset>\n<div class=\"form-group\">\n\t<p><label> Tu Nombre <\/label><br \/>\n<span class=\"wpcf7-form-control-wrap\" data-name=\"your-name\"><input size=\"40\" maxlength=\"400\" class=\"wpcf7-form-control wpcf7-text wpcf7-validates-as-required form-control dark\" aria-required=\"true\" aria-invalid=\"false\" value=\"\" type=\"text\" name=\"your-name\" \/><\/span>\n\t<\/p>\n<\/div>\n<div class=\"form-group\">\n\t<p><label> Tu Email <\/label><span class=\"wpcf7-form-control-wrap\" data-name=\"your-email\"><input size=\"40\" maxlength=\"400\" class=\"wpcf7-form-control wpcf7-email wpcf7-validates-as-required wpcf7-text wpcf7-validates-as-email form-control dark\" aria-required=\"true\" aria-invalid=\"false\" value=\"\" type=\"email\" name=\"your-email\" \/><\/span>\n\t<\/p>\n<\/div>\n<div class=\"form-group\">\n\t<p><label> Tu Tel\u00e9fono<\/label><span class=\"wpcf7-form-control-wrap\" data-name=\"your-phone\"><input size=\"40\" maxlength=\"400\" class=\"wpcf7-form-control wpcf7-tel wpcf7-validates-as-required wpcf7-text wpcf7-validates-as-tel form-control dark\" aria-required=\"true\" aria-invalid=\"false\" value=\"\" type=\"tel\" name=\"your-phone\" \/><\/span>\n\t<\/p>\n<\/div>\n<div class=\"form-group\">\n\t<p><label> \u00bfC\u00f3mo Podemos Ayudarte?<\/label><span class=\"wpcf7-form-control-wrap\" data-name=\"your-message\"><textarea cols=\"40\" rows=\"4\" maxlength=\"2000\" class=\"wpcf7-form-control wpcf7-textarea wpcf7-validates-as-required form-control dark\" aria-required=\"true\" aria-invalid=\"false\" name=\"your-message\"><\/textarea><\/span>\n\t<\/p>\n<\/div>\n<div class=\"form-group\" style=\"position:relative\">\n\t<p><input class=\"wpcf7-form-control wpcf7-submit has-spinner btn btn-primary btn-block\" type=\"submit\" value=\"Enviar\" \/>\n\t<\/p>\n<\/div><p style=\"display: none !important;\" class=\"akismet-fields-container\" data-prefix=\"_wpcf7_ak_\"><label>&#916;<textarea name=\"_wpcf7_ak_hp_textarea\" cols=\"45\" rows=\"8\" maxlength=\"100\"><\/textarea><\/label><input type=\"hidden\" id=\"ak_js_1\" name=\"_wpcf7_ak_js\" value=\"197\"\/><script>document.getElementById( \"ak_js_1\" ).setAttribute( \"value\", ( new Date() ).getTime() );<\/script><\/p><div class=\"wpcf7-response-output\" aria-hidden=\"true\"><\/div>\n<\/form>\n<\/div>\n\n<p><span style=\"font-weight: 400;\">Aceptamos mensajes en ingl\u00e9s e espa\u00f1ol. Para los mensajes en espa\u00f1ol, espere un tiempo extra para obtener una respuesta. <\/span><\/p>\n<\/div>\n<\/div>\n","protected":false},"excerpt":{"rendered":"Cont\u00e1ctenos para una Consulta Gratuita Charles Joseph ofrece consultas gratuitas para personas que est\u00e1n considerando una demanda judicial por discriminaci\u00f3n, acoso sexual, robo de salarios, y m\u00e1s. Si sus derechos fueron violados, p\u00f3ngase en contacto con el abogado de derecho laboral en Nueva York Charles Joseph para saber si tiene un caso. Informaci\u00f3n de contacto&#8230; <a class=\"view-article\" href=\"https:\/\/www.workingnowandthen.com\/es\/contactenos\/\">View Article<\/a>","protected":false},"author":1,"featured_media":0,"parent":0,"menu_order":0,"comment_status":"closed","ping_status":"closed","template":"template-contact.php","meta":{"_acf_changed":false,"footnotes":""},"class_list":["post-18","page","type-page","status-publish","hentry"],"translation":{"provider":"WPGlobus","version":"3.0.0","language":"es","enabled_languages":["en","es","fr","ru","zh","ar","ur"],"languages":{"en":{"title":true,"content":true,"excerpt":false},"es":{"title":true,"content":true,"excerpt":false},"fr":{"title":true,"content":true,"excerpt":false},"ru":{"title":true,"content":true,"excerpt":false},"zh":{"title":true,"content":true,"excerpt":false},"ar":{"title":true,"content":true,"excerpt":false},"ur":{"title":true,"content":true,"excerpt":false}}},"acf":[],"yoast_head":"<!-- This site is optimized with the Yoast SEO Premium plugin v26.3 (Yoast SEO v26.3) - https:\/\/yoast.com\/wordpress\/plugins\/seo\/ -->\n<title>Cont\u00e1ctenos | WNT Legal Resources<\/title>\n<meta name=\"description\" content=\"Charles Joseph ofrece consultas gratuitas para personas que est\u00e1n considerando una demanda judicial por discriminaci\u00f3n, acoso sexual, robo de salarios, y m\u00e1s. Si sus derechos fueron violados, p\u00f3ngase en contacto con el abogado de derecho laboral en Nueva York Charles Joseph para saber si tiene un caso.\" \/>\n<meta name=\"robots\" content=\"index, follow, max-snippet:-1, max-image-preview:large, max-video-preview:-1\" \/>\n<link rel=\"canonical\" href=\"https:\/\/www.workingnowandthen.com\/contact-us\/\" \/>\n<meta property=\"og:locale\" content=\"es_ES\" \/>\n<meta property=\"og:type\" content=\"article\" \/>\n<meta property=\"og:title\" content=\"Cont\u00e1ctenos | Working Now and Then\" \/>\n<meta property=\"og:description\" content=\"Charles Joseph ofrece consultas gratuitas para personas que est\u00e1n considerando una demanda judicial por discriminaci\u00f3n, acoso sexual, robo de salarios, y m\u00e1s. Si sus derechos fueron violados, p\u00f3ngase en contacto con el abogado de derecho laboral en Nueva York Charles Joseph para saber si tiene un caso.\" \/>\n<meta property=\"og:url\" content=\"https:\/\/www.workingnowandthen.com\/contact-us\/\" \/>\n<meta property=\"og:site_name\" content=\"Working Now and Then\" \/>\n<meta property=\"article:modified_time\" content=\"2025-11-07T18:03:11+00:00\" \/>\n<meta property=\"og:image\" content=\"https:\/\/www.workingnowandthen.com\/wp-content\/uploads\/2023\/05\/Charles-Joseph-headshot-mini.jpeg\" \/>\n\t<meta property=\"og:image:width\" content=\"75\" \/>\n\t<meta property=\"og:image:height\" content=\"75\" \/>\n\t<meta property=\"og:image:type\" content=\"image\/jpeg\" \/>\n<meta name=\"twitter:card\" content=\"summary_large_image\" \/>\n<meta name=\"twitter:site\" content=\"@workingnowthen\" \/>\n<meta name=\"twitter:label1\" content=\"Est. reading time\" \/>\n\t<meta name=\"twitter:data1\" content=\"2 minutes\" \/>\n<script type=\"application\/ld+json\" class=\"yoast-schema-graph\">{\"@context\":\"https:\/\/schema.org\",\"@graph\":[{\"@type\":[\"WebPage\",\"ContactPage\"],\"@id\":\"https:\/\/www.workingnowandthen.com\/contact-us\/\",\"url\":\"https:\/\/www.workingnowandthen.com\/contact-us\/\",\"name\":\"Cont\u00e1ctenos | WNT Legal Resources\",\"isPartOf\":{\"@id\":\"https:\/\/www.workingnowandthen.com\/#website\"},\"primaryImageOfPage\":{\"@id\":\"https:\/\/www.workingnowandthen.com\/contact-us\/#primaryimage\"},\"image\":{\"@id\":\"https:\/\/www.workingnowandthen.com\/contact-us\/#primaryimage\"},\"thumbnailUrl\":\"https:\/\/www.workingnowandthen.com\/wp-content\/uploads\/2023\/05\/Charles-Joseph-headshot-mini.jpeg\",\"datePublished\":\"2017-12-26T22:42:56+00:00\",\"dateModified\":\"2025-11-07T18:03:11+00:00\",\"description\":\"Contact employment lawyer Charles Joseph for a free consultation on sexual harassment, discrimination, wage theft, hostile work environments, and more.\",\"breadcrumb\":{\"@id\":\"https:\/\/www.workingnowandthen.com\/contact-us\/#breadcrumb\"},\"inLanguage\":\"es\",\"potentialAction\":[{\"@type\":\"ReadAction\",\"target\":[\"https:\/\/www.workingnowandthen.com\/contact-us\/\"]}]},{\"@type\":\"ImageObject\",\"inLanguage\":\"es\",\"@id\":\"https:\/\/www.workingnowandthen.com\/contact-us\/#primaryimage\",\"url\":\"https:\/\/www.workingnowandthen.com\/wp-content\/uploads\/2023\/05\/Charles-Joseph-headshot-mini.jpeg\",\"contentUrl\":\"https:\/\/www.workingnowandthen.com\/wp-content\/uploads\/2023\/05\/Charles-Joseph-headshot-mini.jpeg\"},{\"@type\":\"BreadcrumbList\",\"@id\":\"https:\/\/www.workingnowandthen.com\/contact-us\/#breadcrumb\",\"itemListElement\":[{\"@type\":\"ListItem\",\"position\":1,\"name\":\"Home\",\"item\":\"https:\/\/www.workingnowandthen.com\/\"},{\"@type\":\"ListItem\",\"position\":2,\"name\":\"Contact Us\"}]},{\"@type\":\"WebSite\",\"@id\":\"https:\/\/www.workingnowandthen.com\/#website\",\"url\":\"https:\/\/www.workingnowandthen.com\/\",\"name\":\"Working Now and Then\",\"description\":\"Working Now And Then\",\"publisher\":{\"@id\":\"https:\/\/www.workingnowandthen.com\/#organization\"},\"potentialAction\":[{\"@type\":\"SearchAction\",\"target\":{\"@type\":\"EntryPoint\",\"urlTemplate\":\"https:\/\/www.workingnowandthen.com\/?s={search_term_string}\"},\"query-input\":{\"@type\":\"PropertyValueSpecification\",\"valueRequired\":true,\"valueName\":\"search_term_string\"}}],\"inLanguage\":\"es\"},{\"@type\":\"Organization\",\"@id\":\"https:\/\/www.workingnowandthen.com\/#organization\",\"name\":\"Working Now and Then\",\"alternateName\":\"WNT Legal Resources\",\"url\":\"https:\/\/www.workingnowandthen.com\/\",\"logo\":{\"@type\":\"ImageObject\",\"inLanguage\":\"es\",\"@id\":\"https:\/\/www.workingnowandthen.com\/#\/schema\/logo\/image\/\",\"url\":\"https:\/\/www.workingnowandthen.com\/wp-content\/uploads\/2019\/05\/Screen-Shot-2019-05-17-at-1.27.13-PM-e1558124864659.png\",\"contentUrl\":\"https:\/\/www.workingnowandthen.com\/wp-content\/uploads\/2019\/05\/Screen-Shot-2019-05-17-at-1.27.13-PM-e1558124864659.png\",\"width\":400,\"height\":93,\"caption\":\"Working Now and Then\"},\"image\":{\"@id\":\"https:\/\/www.workingnowandthen.com\/#\/schema\/logo\/image\/\"},\"sameAs\":[\"https:\/\/x.com\/workingnowthen\",\"https:\/\/www.reddit.com\/user\/Charles_Joseph\/\"],\"description\":\"We help workers understand their rights. Charles Joseph, an employment lawyer in NYC, established Working Now and Then to protect workers from discrimination, sexual harassment, wage theft, and other employment violations. He also founded Joseph & Kirschenbaum LLP, an NYC law firm that has recovered over $200 million for clients. Working Now and Then connects workers with employment lawyers and offers free consultations.\",\"email\":\"info@workingnowandthen.com\",\"telephone\":\"2126514238\"}]}<\/script>\n<!-- \/ Yoast SEO Premium plugin. -->","yoast_head_json":{"title":"Cont\u00e1ctenos | WNT Legal Resources","description":"Charles Joseph ofrece consultas gratuitas para personas que est\u00e1n considerando una demanda judicial por discriminaci\u00f3n, acoso sexual, robo de salarios, y m\u00e1s. Si sus derechos fueron violados, p\u00f3ngase en contacto con el abogado de derecho laboral en Nueva York Charles Joseph para saber si tiene un caso.","robots":{"index":"index","follow":"follow","max-snippet":"max-snippet:-1","max-image-preview":"max-image-preview:large","max-video-preview":"max-video-preview:-1"},"canonical":"https:\/\/www.workingnowandthen.com\/contact-us\/","og_locale":"es_ES","og_type":"article","og_title":"Cont\u00e1ctenos | Working Now and Then","og_description":"Charles Joseph ofrece consultas gratuitas para personas que est\u00e1n considerando una demanda judicial por discriminaci\u00f3n, acoso sexual, robo de salarios, y m\u00e1s. Si sus derechos fueron violados, p\u00f3ngase en contacto con el abogado de derecho laboral en Nueva York Charles Joseph para saber si tiene un caso.","og_url":"https:\/\/www.workingnowandthen.com\/contact-us\/","og_site_name":"Working Now and Then","article_modified_time":"2025-11-07T18:03:11+00:00","og_image":[{"width":75,"height":75,"url":"https:\/\/www.workingnowandthen.com\/wp-content\/uploads\/2023\/05\/Charles-Joseph-headshot-mini.jpeg","type":"image\/jpeg"}],"twitter_card":"summary_large_image","twitter_site":"@workingnowthen","twitter_misc":{"Est. reading time":"2 minutes"},"schema":{"@context":"https:\/\/schema.org","@graph":[{"@type":["WebPage","ContactPage"],"@id":"https:\/\/www.workingnowandthen.com\/contact-us\/","url":"https:\/\/www.workingnowandthen.com\/contact-us\/","name":"Cont\u00e1ctenos | WNT Legal Resources","isPartOf":{"@id":"https:\/\/www.workingnowandthen.com\/#website"},"primaryImageOfPage":{"@id":"https:\/\/www.workingnowandthen.com\/contact-us\/#primaryimage"},"image":{"@id":"https:\/\/www.workingnowandthen.com\/contact-us\/#primaryimage"},"thumbnailUrl":"https:\/\/www.workingnowandthen.com\/wp-content\/uploads\/2023\/05\/Charles-Joseph-headshot-mini.jpeg","datePublished":"2017-12-26T22:42:56+00:00","dateModified":"2025-11-07T18:03:11+00:00","description":"Contact employment lawyer Charles Joseph for a free consultation on sexual harassment, discrimination, wage theft, hostile work environments, and more.","breadcrumb":{"@id":"https:\/\/www.workingnowandthen.com\/contact-us\/#breadcrumb"},"inLanguage":"es","potentialAction":[{"@type":"ReadAction","target":["https:\/\/www.workingnowandthen.com\/contact-us\/"]}]},{"@type":"ImageObject","inLanguage":"es","@id":"https:\/\/www.workingnowandthen.com\/contact-us\/#primaryimage","url":"https:\/\/www.workingnowandthen.com\/wp-content\/uploads\/2023\/05\/Charles-Joseph-headshot-mini.jpeg","contentUrl":"https:\/\/www.workingnowandthen.com\/wp-content\/uploads\/2023\/05\/Charles-Joseph-headshot-mini.jpeg"},{"@type":"BreadcrumbList","@id":"https:\/\/www.workingnowandthen.com\/contact-us\/#breadcrumb","itemListElement":[{"@type":"ListItem","position":1,"name":"Home","item":"https:\/\/www.workingnowandthen.com\/"},{"@type":"ListItem","position":2,"name":"Contact Us"}]},{"@type":"WebSite","@id":"https:\/\/www.workingnowandthen.com\/#website","url":"https:\/\/www.workingnowandthen.com\/","name":"Working Now and Then","description":"Working Now And Then","publisher":{"@id":"https:\/\/www.workingnowandthen.com\/#organization"},"potentialAction":[{"@type":"SearchAction","target":{"@type":"EntryPoint","urlTemplate":"https:\/\/www.workingnowandthen.com\/?s={search_term_string}"},"query-input":{"@type":"PropertyValueSpecification","valueRequired":true,"valueName":"search_term_string"}}],"inLanguage":"es"},{"@type":"Organization","@id":"https:\/\/www.workingnowandthen.com\/#organization","name":"Working Now and Then","alternateName":"WNT Legal Resources","url":"https:\/\/www.workingnowandthen.com\/","logo":{"@type":"ImageObject","inLanguage":"es","@id":"https:\/\/www.workingnowandthen.com\/#\/schema\/logo\/image\/","url":"https:\/\/www.workingnowandthen.com\/wp-content\/uploads\/2019\/05\/Screen-Shot-2019-05-17-at-1.27.13-PM-e1558124864659.png","contentUrl":"https:\/\/www.workingnowandthen.com\/wp-content\/uploads\/2019\/05\/Screen-Shot-2019-05-17-at-1.27.13-PM-e1558124864659.png","width":400,"height":93,"caption":"Working Now and Then"},"image":{"@id":"https:\/\/www.workingnowandthen.com\/#\/schema\/logo\/image\/"},"sameAs":["https:\/\/x.com\/workingnowthen","https:\/\/www.reddit.com\/user\/Charles_Joseph\/"],"description":"We help workers understand their rights. Charles Joseph, an employment lawyer in NYC, established Working Now and Then to protect workers from discrimination, sexual harassment, wage theft, and other employment violations. He also founded Joseph & Kirschenbaum LLP, an NYC law firm that has recovered over $200 million for clients. Working Now and Then connects workers with employment lawyers and offers free consultations.","email":"info@workingnowandthen.com","telephone":"2126514238"}]}},"_links":{"self":[{"href":"https:\/\/www.workingnowandthen.com\/es\/wp-json\/wp\/v2\/pages\/18","targetHints":{"allow":["GET"]}}],"collection":[{"href":"https:\/\/www.workingnowandthen.com\/es\/wp-json\/wp\/v2\/pages"}],"about":[{"href":"https:\/\/www.workingnowandthen.com\/es\/wp-json\/wp\/v2\/types\/page"}],"author":[{"embeddable":true,"href":"https:\/\/www.workingnowandthen.com\/es\/wp-json\/wp\/v2\/users\/1"}],"replies":[{"embeddable":true,"href":"https:\/\/www.workingnowandthen.com\/es\/wp-json\/wp\/v2\/comments?post=18"}],"version-history":[{"count":79,"href":"https:\/\/www.workingnowandthen.com\/es\/wp-json\/wp\/v2\/pages\/18\/revisions"}],"predecessor-version":[{"id":331908,"href":"https:\/\/www.workingnowandthen.com\/es\/wp-json\/wp\/v2\/pages\/18\/revisions\/331908"}],"wp:attachment":[{"href":"https:\/\/www.workingnowandthen.com\/es\/wp-json\/wp\/v2\/media?parent=18"}],"curies":[{"name":"wp","href":"https:\/\/api.w.org\/{rel}","templated":true}]}}