{"id":1184,"date":"2018-04-26T22:28:45","date_gmt":"2018-04-26T22:28:45","guid":{"rendered":"http:\/\/www.workingnowandthen.com\/?page_id=1184"},"modified":"2024-10-16T17:49:18","modified_gmt":"2024-10-16T21:49:18","slug":"new-york-wage-theft","status":"publish","type":"page","link":"https:\/\/www.workingnowandthen.com\/es\/robo-de-salarios\/","title":{"rendered":"Robo de Salarios en NY: Abogados y Recursos"},"content":{"rendered":"<p><span style=\"font-weight: 400;\">El robo de Salario es un delito grave, y afecta a millones de trabajadores. Los trabajadores est\u00e1n protegidos de robo de salario en virtud de la Ley de Normas Laborales Justas (FLSA por sus siglas en ingl\u00e9s), la Ley de Trabajo del estado de Nueva York, y una variedad de otras leyes y reglamentos.<\/span><\/p>\n<p><span style=\"font-weight: 400;\">Estas siete formas comunes de robo de salario son ilegales.<\/span><\/p>\n<h2><b>1. Deducir de forma autom\u00e1tica el Tiempo de las Pausas para comer<\/b><\/h2>\n<p><span style=\"font-weight: 400;\">Deducir el pago por pausas para comer puede violar la ley. <\/span><\/p>\n<p><b>De acuerdo a la Ley del estado de Nueva York, los empleados tienen derecho a pausas para comer. <\/b><\/p>\n<p><span style=\"font-weight: 400;\">Los empleados tienen derecho a un descanso de media hora para almorzar cuando trabajan en un turno de m\u00e1s de seis horas que incluye el per\u00edodo entre las 11:00 a.m. y las 2:00 p.m. Si el turno comienza antes de las 11:00 am y termina despu\u00e9s de las 7:00 pm, los empleados tienen derecho a otro descanso de 20 minutos entre las 5:00 pm y las 7:00 pm<\/span><\/p>\n<p><span style=\"font-weight: 400;\">Los empleados que trabajan un turno de m\u00e1s de seis horas que comienza entre la 1:00 pm y las 6:00 am tienen derecho a un descanso de 45 minutos en medio de sus turnos. <\/span><\/p>\n<p><b>Usted puede tener derecho a descansos remunerados para comer.<\/b><\/p>\n<p><span style=\"font-weight: 400;\">Los empleadores est\u00e1n obligados a pagar los descansos si usted tiene que realizar alg\u00fan trabajo durante el descanso. Esto puede incluir la revisi\u00f3n de correos electr\u00f3nicos concernientes al trabajo o responder llamadas telef\u00f3nicas. Sin embargo, si no tiene que hacer ning\u00fan trabajo, los descansos para comer no ser\u00e1n remunerados. <\/span><\/p>\n<p><span style=\"font-weight: 400;\">Adem\u00e1s de las pausas para comer, los empleadores pueden optar por proporcionar descansos m\u00e1s cortos de cinco a veinte minutos durante la jornada laboral. Si su empleador ofrece descansos cortos, estos son considerados como parte de la jornada de trabajo y a los empleados se les pagar\u00e1 por este tiempo. <\/span><\/p>\n<p><span style=\"font-weight: 400;\">Muchos empleadores que proporcionan descansos no remunerados a sus empleados deducen autom\u00e1ticamente 30 minutos, o en otros per\u00edodos de tiempo, seg\u00fan corresponda, de la tarjeta del empleado, independientemente de si el empleado trabaj\u00f3 durante ese tiempo. <\/span><\/p>\n<p><span style=\"font-weight: 400;\">As\u00ed que si usted es regularmente interrumpido durante su descanso para comer, se le debe dinero por ese tiempo, adem\u00e1s de multas y sanciones.<\/span><\/p>\n<h2><b>2. <\/b> <b>Deducci\u00f3n Indebida por Da\u00f1os y perjuicios<\/b><\/h2>\n<p><span style=\"font-weight: 400;\">Su empleador no puede hacer ninguna deducci\u00f3n de su cheque de pago a menos que lo requiera la ley, como ocurre con los impuestos sobre la renta o los de la seguridad social, o a menos que sea en su beneficio, como es el caso del seguro de salud, contribuciones a pensiones, descuentos en los pases de estacionamiento, cuota del gimnasio o gastos de la guarder\u00eda.<\/span><\/p>\n<p><span style=\"font-weight: 400;\">En todos los dem\u00e1s casos, su empleador deber\u00e1 contar con su aprobaci\u00f3n por escrito antes de realizar deducciones de sus salarios.<\/span><\/p>\n<p><span style=\"font-weight: 400;\">Las deducciones ilegales incluyen:<\/span><\/p>\n<ul>\n<li style=\"font-weight: 400;\"><span style=\"font-weight: 400;\">Deterioro o rotura <\/span><\/li>\n<li style=\"font-weight: 400;\"><span style=\"font-weight: 400;\">Falta o p\u00e9rdida de dinero de caja <\/span><\/li>\n<li style=\"font-weight: 400;\"><span style=\"font-weight: 400;\">Que un cliente no pague su cuenta <\/span><\/li>\n<li style=\"font-weight: 400;\"><span style=\"font-weight: 400;\">Multas o penalizaciones por retraso, mala conducta o renunciar sin aviso<\/span><\/li>\n<\/ul>\n<p><span style=\"font-weight: 400;\">Tambi\u00e9n, <\/span><span style=\"font-weight: 400;\">es contra la ley que su empleador solicite cualquier monto de su salario bajo la amenaza de no contratarle o de despedirle. <\/span><\/p>\n<h2><b>3. <\/b> <b>No Pagar Por las Horas Trabajadas Antes de Punch-In o Despu\u00e9s de Punch-Out<\/b><\/h2>\n<p><span style=\"font-weight: 400;\">Los empleadores deben pagar a sus empleados por todas las horas trabajadas. Si usted llega al trabajo a las 8:55 de la ma\u00f1ana todos los d\u00edas, pero el equipo tarda 20 minutos para instalar las actualizaciones antes de que pueda oficialmente empezar a trabajar, usted todav\u00eda tiene derecho al salario por los veinte minutos. <\/span><\/p>\n<p><span style=\"font-weight: 400;\">Aunque la ley utiliza el ejemplo de un operador de tornos que se inicia la jornada de trabajo lubricando, engrasando, o limpiando su m\u00e1quina; o un trabajador de una f\u00e1brica de confecci\u00f3n que llega 30 minutos antes que los dem\u00e1s para encontrar m\u00e1quinas listas para la operaci\u00f3n, estas reglas se aplican a los trabajadores de oficina tambi\u00e9n. Los agentes que trabajan en centros de llamadas, por ejemplo, deben ser pagado por el tiempo dedicado a la descarga de las instrucciones de trabajo, aplicaciones inform\u00e1ticas y relacionadas con el trabajo de los correos electr\u00f3nicos.<\/span><\/p>\n<h2><b>4. <\/b> <b>Clasificaci\u00f3n err\u00f3nea como horas Extras Exentas<\/b><\/h2>\n<p><span style=\"font-weight: 400;\">La clasificaci\u00f3n err\u00f3nea es un problema grave que puede dar lugar a una importante p\u00e9rdida de salarios. Si un empleado ha sido mal clasificado con horas extras exentas, \u00e9stas son adeudadas del salario. Para m\u00e1s informaci\u00f3n, ver el <\/span><a href=\"https:\/\/www.workingnowandthen.com\/es\/robo-de-salarios\/horas-extras\/\"><b>Horas extras<\/b><\/a><span style=\"font-weight: 400;\"> &#8211;<\/span><\/p>\n<h2><b>5. <\/b> <b>Abuso De Pasantes No Remunerados<\/b><\/h2>\n<p><span style=\"font-weight: 400;\">La FLSA define el t\u00e9rmino &#8220;emplear&#8221; en un sentido muy amplio, para incluir a todos los que los empleadores &#8220;permiten trabajar.&#8221; Los individuos que a los que le es &#8220;permitido&#8221; trabajar debe ser indemnizado conforme a la ley por los servicios que realizan para un empleador. <\/span><\/p>\n<p><span style=\"font-weight: 400;\">Recientemente, ha habido varios desaf\u00edos legales sobre la cuesti\u00f3n de si los internos se clasifican como empleados bajo la Ley FLSA. En el sector privado con &#8220;fines de lucro&#8221;, los empleadores s\u00f3lo est\u00e1n autorizados a ofrecer pasant\u00edas o programas de capacitaci\u00f3n sin indemnizaci\u00f3n bajo circunstancias muy espec\u00edficas. <\/span><\/p>\n<p><span style=\"font-weight: 400;\">El Departamento de Trabajo (DOL) por sus siglas en ingl\u00e9s) tiene criterios espec\u00edficos que deben cumplirse con el fin de clasificar a alguien como un pasante no remunerado. Si no se cumplen estos criterios, la persona es un empleado en lugar de un interno, y se le adeudan salarios.<\/span><\/p>\n<ol>\n<li style=\"font-weight: 400;\"><span style=\"font-weight: 400;\">El per\u00edodo de pr\u00e1cticas, aunque incluye operaci\u00f3n de las instalaciones del empleador, es similar a la formaci\u00f3n que se habr\u00eda dado en un ambiente de educaci\u00f3n.<\/span><\/li>\n<li style=\"font-weight: 400;\"><span style=\"font-weight: 400;\">La experiencia de pasant\u00eda es para el beneficio de las pr\u00e1cticas (por ejemplo, el interno se gana cr\u00e9ditos para la universidad).<\/span><\/li>\n<li style=\"font-weight: 400;\"><span style=\"font-weight: 400;\">El pasante no desplaza a los empleados regulares, sino que trabaja bajo la estrecha supervisi\u00f3n de personal existente.<\/span><\/li>\n<li style=\"font-weight: 400;\"><span style=\"font-weight: 400;\">El empleador que proporciona el entrenamiento no deriva ninguna ventaja inmediata de las actividades del becario y, en ocasiones, sus operaciones pueden ser realmente dif\u00edciles.<\/span><\/li>\n<li style=\"font-weight: 400;\"><span style=\"font-weight: 400;\">El pasante no necesariamente tiene derecho a un trabajo al concluir la pasant\u00eda.<\/span><\/li>\n<li style=\"font-weight: 400;\"><span style=\"font-weight: 400;\">El empleador y el interno entienden que el interno no tiene derecho a un salario durante el tiempo que pase en la pasant\u00eda.<\/span><\/li>\n<\/ol>\n<p><span style=\"font-weight: 400;\">El estado de nueva York utiliza criterios similares. Si las pr\u00e1cticas no remuneradas no son operadas de acuerdo a estos criterios, los pasantes deben ser pagados y clasificados como empleados.<\/span><\/p>\n<h2><b>6. <\/b> <b>No Pagar por el Trabajo Remoto<\/b><\/h2>\n<p><span style=\"font-weight: 400;\">Los dispositivos m\u00f3viles se utilizan a menudo para enviar y recibir mensajes de correo electr\u00f3nico relativos al trabajo, y el empleador debe pagar a sus trabajadores por el tiempo que se tome leer y responder a correos electr\u00f3nicos y mensajes de texto mientras que no est\u00e1 en el lugar de trabajo espec\u00edficamente.<\/span><\/p>\n<p><span style=\"font-weight: 400;\">En el pasado, los empleadores no eran responsables de este trabajo debido a la imposibilidad de calcular las horas trabajadas, pero el Departamento de Trabajo ha desarrollado &#8220;Timesheet&#8221; una aplicaci\u00f3n m\u00f3vil con una plantilla de horas de trabajo para iPhones y iPads que proporciona una m\u00e1nera f\u00e1cil para el seguimiento de las horas de trabajo. Actualmente, no hay ninguna versi\u00f3n disponible para dispositivos Android, pero hay numerosas aplicaciones para cronometrar el tiempo ofrecidas por otros proveedores. <\/span><\/p>\n<p><span style=\"font-weight: 400;\">Si los empleadores no est\u00e1n pagando por el trabajo a distancia, est\u00e1n violando la ley.<\/span><\/p>\n<h2><b>7. <\/b> <b>Error en la clasificaci\u00f3n como Contratista Independiente<\/b><\/h2>\n<p><span style=\"font-weight: 400;\">La clasificaci\u00f3n err\u00f3nea es un problema grave que puede dar lugar a una importante p\u00e9rdida de salarios. Si un empleado ha sido mal clasificado con horas extras exentas, \u00e9stas son adeudadas del salario. Para m\u00e1s informaci\u00f3n, ver el <\/span><a href=\"https:\/\/www.workingnowandthen.com\/es\/contratistas-independientes\/\"><b>Art\u00edculo de Contratistas independientes.<\/b><\/a><span style=\"font-weight: 400;\"> &#8211;<\/span><\/p>\n<h2 style=\"text-align: center;\">Qu\u00e9 Hacer con Respecto al Robo de Salarios<\/h2>\n<p>Si usted ha sido v\u00edctima de robo de salario, o usted cree que su empleador le ha negado ilegalmente dinero o beneficios, usted tiene derechos. Aprenda m\u00e1s acerca de qu\u00e9 hacer respecto al robo de salarios.<\/p>\n<ul>\n<li><a href=\"https:\/\/www.workingnowandthen.com\/es\/robo-de-salarios\/salario-minimo\/\">Salario M\u00ednimo<\/a><\/li>\n<li><a href=\"https:\/\/www.workingnowandthen.com\/es\/contratistas-independientes\/\">Contratistas independientes<\/a><\/li>\n<li><a href=\"https:\/\/www.workingnowandthen.com\/es\/robo-de-salarios\/comisiones\/\">Vendedores y Comisiones<\/a><\/li>\n<li><a href=\"https:\/\/www.workingnowandthen.com\/es\/robo-de-salarios\/propinas\/\">Empleados con Propinas<\/a><\/li>\n<li><a href=\"https:\/\/www.workingnowandthen.com\/es\/robo-de-salarios\/horas-extras\/\">Horas extras<\/a><\/li>\n<\/ul>\n","protected":false},"excerpt":{"rendered":"El robo de Salario es un delito grave, y afecta a millones de trabajadores. Los trabajadores est\u00e1n protegidos de robo de salario en virtud de la Ley de Normas Laborales Justas (FLSA por sus siglas en ingl\u00e9s), la Ley de Trabajo del estado de Nueva York, y una variedad de otras leyes y reglamentos. Estas&#8230; <a class=\"view-article\" href=\"https:\/\/www.workingnowandthen.com\/es\/robo-de-salarios\/\">View Article<\/a>","protected":false},"author":1,"featured_media":0,"parent":0,"menu_order":0,"comment_status":"closed","ping_status":"closed","template":"template-focus.php","meta":{"_acf_changed":false,"footnotes":""},"class_list":["post-1184","page","type-page","status-publish","hentry"],"translation":{"provider":"WPGlobus","version":"3.0.0","language":"es","enabled_languages":["en","es","fr","ru","zh","ar","ur"],"languages":{"en":{"title":true,"content":true,"excerpt":false},"es":{"title":true,"content":true,"excerpt":false},"fr":{"title":true,"content":true,"excerpt":false},"ru":{"title":true,"content":true,"excerpt":false},"zh":{"title":true,"content":true,"excerpt":false},"ar":{"title":true,"content":true,"excerpt":false},"ur":{"title":true,"content":true,"excerpt":false}}},"acf":[],"yoast_head":"<!-- This site is optimized with the Yoast SEO Premium plugin v26.3 (Yoast SEO v26.3) - https:\/\/yoast.com\/wordpress\/plugins\/seo\/ -->\n<title>Abogados de Robo de Salarios en NY<\/title>\n<meta name=\"description\" content=\"El robo de Salario es un delito grave, y afecta a millones de trabajadores. Los trabajadores est\u00e1n protegidos de robo de salario en virtud de la Ley de Normas Laborales Justas (FLSA por sus siglas en ingl\u00e9s), la Ley de Trabajo del estado de Nueva York, y una variedad de otras leyes y reglamentos.\" \/>\n<meta name=\"robots\" content=\"index, follow, max-snippet:-1, max-image-preview:large, max-video-preview:-1\" \/>\n<link rel=\"canonical\" href=\"https:\/\/www.workingnowandthen.com\/new-york-wage-theft\/\" \/>\n<meta property=\"og:locale\" content=\"es_ES\" \/>\n<meta property=\"og:type\" content=\"article\" \/>\n<meta property=\"og:title\" content=\"Abogados de Robo de Salarios en NY\" \/>\n<meta property=\"og:description\" content=\"El robo de Salario es un delito grave, y afecta a millones de trabajadores. Los trabajadores est\u00e1n protegidos de robo de salario en virtud de la Ley de Normas Laborales Justas (FLSA por sus siglas en ingl\u00e9s), la Ley de Trabajo del estado de Nueva York, y una variedad de otras leyes y reglamentos.\" \/>\n<meta property=\"og:url\" content=\"https:\/\/www.workingnowandthen.com\/new-york-wage-theft\/\" \/>\n<meta property=\"og:site_name\" content=\"Working Now and Then\" \/>\n<meta property=\"article:modified_time\" content=\"2024-10-16T21:49:18+00:00\" \/>\n<meta property=\"og:image\" content=\"https:\/\/www.workingnowandthen.com\/wp-content\/uploads\/2018\/04\/Working-now-and-then-Homepage-categories-V01-05.png\" \/>\n<meta name=\"twitter:card\" content=\"summary_large_image\" \/>\n<meta name=\"twitter:site\" content=\"@workingnowthen\" \/>\n<meta name=\"twitter:label1\" content=\"Est. reading time\" \/>\n\t<meta name=\"twitter:data1\" content=\"8 minutes\" \/>\n<script type=\"application\/ld+json\" class=\"yoast-schema-graph\">{\"@context\":\"https:\/\/schema.org\",\"@graph\":[{\"@type\":\"WebPage\",\"@id\":\"https:\/\/www.workingnowandthen.com\/new-york-wage-theft\/\",\"url\":\"https:\/\/www.workingnowandthen.com\/new-york-wage-theft\/\",\"name\":\"Abogados de Robo de Salarios en NY\",\"isPartOf\":{\"@id\":\"https:\/\/www.workingnowandthen.com\/#website\"},\"primaryImageOfPage\":{\"@id\":\"https:\/\/www.workingnowandthen.com\/new-york-wage-theft\/#primaryimage\"},\"image\":{\"@id\":\"https:\/\/www.workingnowandthen.com\/new-york-wage-theft\/#primaryimage\"},\"thumbnailUrl\":\"https:\/\/www.workingnowandthen.com\/wp-content\/uploads\/2018\/04\/Working-now-and-then-Homepage-categories-V01-05.png\",\"datePublished\":\"2018-04-26T22:28:45+00:00\",\"dateModified\":\"2024-10-16T21:49:18+00:00\",\"description\":\"El robo de Salario es un delito grave, y afecta a millones de trabajadores. Los trabajadores est\u00e1n protegidos de robo de salario en virtud de la Ley de Normas Laborales Justas (FLSA por sus siglas en ingl\u00e9s), la Ley de Trabajo del estado de Nueva York, y una variedad de otras leyes y reglamentos.\",\"breadcrumb\":{\"@id\":\"https:\/\/www.workingnowandthen.com\/new-york-wage-theft\/#breadcrumb\"},\"inLanguage\":\"es\",\"potentialAction\":[{\"@type\":\"ReadAction\",\"target\":[\"https:\/\/www.workingnowandthen.com\/new-york-wage-theft\/\"]}]},{\"@type\":\"ImageObject\",\"inLanguage\":\"es\",\"@id\":\"https:\/\/www.workingnowandthen.com\/new-york-wage-theft\/#primaryimage\",\"url\":\"https:\/\/www.workingnowandthen.com\/wp-content\/uploads\/2018\/04\/Working-now-and-then-Homepage-categories-V01-05.png\",\"contentUrl\":\"https:\/\/www.workingnowandthen.com\/wp-content\/uploads\/2018\/04\/Working-now-and-then-Homepage-categories-V01-05.png\"},{\"@type\":\"BreadcrumbList\",\"@id\":\"https:\/\/www.workingnowandthen.com\/new-york-wage-theft\/#breadcrumb\",\"itemListElement\":[{\"@type\":\"ListItem\",\"position\":1,\"name\":\"Home\",\"item\":\"https:\/\/www.workingnowandthen.com\/\"},{\"@type\":\"ListItem\",\"position\":2,\"name\":\"Protect Yourself From These Common Forms of Wage Theft\"}]},{\"@type\":\"WebSite\",\"@id\":\"https:\/\/www.workingnowandthen.com\/#website\",\"url\":\"https:\/\/www.workingnowandthen.com\/\",\"name\":\"Working Now and Then\",\"description\":\"Working Now And Then\",\"publisher\":{\"@id\":\"https:\/\/www.workingnowandthen.com\/#organization\"},\"potentialAction\":[{\"@type\":\"SearchAction\",\"target\":{\"@type\":\"EntryPoint\",\"urlTemplate\":\"https:\/\/www.workingnowandthen.com\/?s={search_term_string}\"},\"query-input\":{\"@type\":\"PropertyValueSpecification\",\"valueRequired\":true,\"valueName\":\"search_term_string\"}}],\"inLanguage\":\"es\"},{\"@type\":\"Organization\",\"@id\":\"https:\/\/www.workingnowandthen.com\/#organization\",\"name\":\"Working Now and Then\",\"alternateName\":\"WNT Legal Resources\",\"url\":\"https:\/\/www.workingnowandthen.com\/\",\"logo\":{\"@type\":\"ImageObject\",\"inLanguage\":\"es\",\"@id\":\"https:\/\/www.workingnowandthen.com\/#\/schema\/logo\/image\/\",\"url\":\"https:\/\/www.workingnowandthen.com\/wp-content\/uploads\/2019\/05\/Screen-Shot-2019-05-17-at-1.27.13-PM-e1558124864659.png\",\"contentUrl\":\"https:\/\/www.workingnowandthen.com\/wp-content\/uploads\/2019\/05\/Screen-Shot-2019-05-17-at-1.27.13-PM-e1558124864659.png\",\"width\":400,\"height\":93,\"caption\":\"Working Now and Then\"},\"image\":{\"@id\":\"https:\/\/www.workingnowandthen.com\/#\/schema\/logo\/image\/\"},\"sameAs\":[\"https:\/\/x.com\/workingnowthen\",\"https:\/\/www.reddit.com\/user\/Charles_Joseph\/\"],\"description\":\"We help workers understand their rights. Charles Joseph, an employment lawyer in NYC, established Working Now and Then to protect workers from discrimination, sexual harassment, wage theft, and other employment violations. He also founded Joseph & Kirschenbaum LLP, an NYC law firm that has recovered over $200 million for clients. Working Now and Then connects workers with employment lawyers and offers free consultations.\",\"email\":\"info@workingnowandthen.com\",\"telephone\":\"2126514238\"}]}<\/script>\n<!-- \/ Yoast SEO Premium plugin. -->","yoast_head_json":{"title":"Abogados de Robo de Salarios en NY","description":"El robo de Salario es un delito grave, y afecta a millones de trabajadores. Los trabajadores est\u00e1n protegidos de robo de salario en virtud de la Ley de Normas Laborales Justas (FLSA por sus siglas en ingl\u00e9s), la Ley de Trabajo del estado de Nueva York, y una variedad de otras leyes y reglamentos.","robots":{"index":"index","follow":"follow","max-snippet":"max-snippet:-1","max-image-preview":"max-image-preview:large","max-video-preview":"max-video-preview:-1"},"canonical":"https:\/\/www.workingnowandthen.com\/new-york-wage-theft\/","og_locale":"es_ES","og_type":"article","og_title":"Abogados de Robo de Salarios en NY","og_description":"El robo de Salario es un delito grave, y afecta a millones de trabajadores. Los trabajadores est\u00e1n protegidos de robo de salario en virtud de la Ley de Normas Laborales Justas (FLSA por sus siglas en ingl\u00e9s), la Ley de Trabajo del estado de Nueva York, y una variedad de otras leyes y reglamentos.","og_url":"https:\/\/www.workingnowandthen.com\/new-york-wage-theft\/","og_site_name":"Working Now and Then","article_modified_time":"2024-10-16T21:49:18+00:00","og_image":[{"url":"https:\/\/www.workingnowandthen.com\/wp-content\/uploads\/2018\/04\/Working-now-and-then-Homepage-categories-V01-05.png","type":"","width":"","height":""}],"twitter_card":"summary_large_image","twitter_site":"@workingnowthen","twitter_misc":{"Est. reading time":"8 minutes"},"schema":{"@context":"https:\/\/schema.org","@graph":[{"@type":"WebPage","@id":"https:\/\/www.workingnowandthen.com\/new-york-wage-theft\/","url":"https:\/\/www.workingnowandthen.com\/new-york-wage-theft\/","name":"Abogados de Robo de Salarios en NY","isPartOf":{"@id":"https:\/\/www.workingnowandthen.com\/#website"},"primaryImageOfPage":{"@id":"https:\/\/www.workingnowandthen.com\/new-york-wage-theft\/#primaryimage"},"image":{"@id":"https:\/\/www.workingnowandthen.com\/new-york-wage-theft\/#primaryimage"},"thumbnailUrl":"https:\/\/www.workingnowandthen.com\/wp-content\/uploads\/2018\/04\/Working-now-and-then-Homepage-categories-V01-05.png","datePublished":"2018-04-26T22:28:45+00:00","dateModified":"2024-10-16T21:49:18+00:00","description":"El robo de Salario es un delito grave, y afecta a millones de trabajadores. Los trabajadores est\u00e1n protegidos de robo de salario en virtud de la Ley de Normas Laborales Justas (FLSA por sus siglas en ingl\u00e9s), la Ley de Trabajo del estado de Nueva York, y una variedad de otras leyes y reglamentos.","breadcrumb":{"@id":"https:\/\/www.workingnowandthen.com\/new-york-wage-theft\/#breadcrumb"},"inLanguage":"es","potentialAction":[{"@type":"ReadAction","target":["https:\/\/www.workingnowandthen.com\/new-york-wage-theft\/"]}]},{"@type":"ImageObject","inLanguage":"es","@id":"https:\/\/www.workingnowandthen.com\/new-york-wage-theft\/#primaryimage","url":"https:\/\/www.workingnowandthen.com\/wp-content\/uploads\/2018\/04\/Working-now-and-then-Homepage-categories-V01-05.png","contentUrl":"https:\/\/www.workingnowandthen.com\/wp-content\/uploads\/2018\/04\/Working-now-and-then-Homepage-categories-V01-05.png"},{"@type":"BreadcrumbList","@id":"https:\/\/www.workingnowandthen.com\/new-york-wage-theft\/#breadcrumb","itemListElement":[{"@type":"ListItem","position":1,"name":"Home","item":"https:\/\/www.workingnowandthen.com\/"},{"@type":"ListItem","position":2,"name":"Protect Yourself From These Common Forms of Wage Theft"}]},{"@type":"WebSite","@id":"https:\/\/www.workingnowandthen.com\/#website","url":"https:\/\/www.workingnowandthen.com\/","name":"Working Now and Then","description":"Working Now And Then","publisher":{"@id":"https:\/\/www.workingnowandthen.com\/#organization"},"potentialAction":[{"@type":"SearchAction","target":{"@type":"EntryPoint","urlTemplate":"https:\/\/www.workingnowandthen.com\/?s={search_term_string}"},"query-input":{"@type":"PropertyValueSpecification","valueRequired":true,"valueName":"search_term_string"}}],"inLanguage":"es"},{"@type":"Organization","@id":"https:\/\/www.workingnowandthen.com\/#organization","name":"Working Now and Then","alternateName":"WNT Legal Resources","url":"https:\/\/www.workingnowandthen.com\/","logo":{"@type":"ImageObject","inLanguage":"es","@id":"https:\/\/www.workingnowandthen.com\/#\/schema\/logo\/image\/","url":"https:\/\/www.workingnowandthen.com\/wp-content\/uploads\/2019\/05\/Screen-Shot-2019-05-17-at-1.27.13-PM-e1558124864659.png","contentUrl":"https:\/\/www.workingnowandthen.com\/wp-content\/uploads\/2019\/05\/Screen-Shot-2019-05-17-at-1.27.13-PM-e1558124864659.png","width":400,"height":93,"caption":"Working Now and Then"},"image":{"@id":"https:\/\/www.workingnowandthen.com\/#\/schema\/logo\/image\/"},"sameAs":["https:\/\/x.com\/workingnowthen","https:\/\/www.reddit.com\/user\/Charles_Joseph\/"],"description":"We help workers understand their rights. Charles Joseph, an employment lawyer in NYC, established Working Now and Then to protect workers from discrimination, sexual harassment, wage theft, and other employment violations. He also founded Joseph & Kirschenbaum LLP, an NYC law firm that has recovered over $200 million for clients. Working Now and Then connects workers with employment lawyers and offers free consultations.","email":"info@workingnowandthen.com","telephone":"2126514238"}]}},"_links":{"self":[{"href":"https:\/\/www.workingnowandthen.com\/es\/wp-json\/wp\/v2\/pages\/1184","targetHints":{"allow":["GET"]}}],"collection":[{"href":"https:\/\/www.workingnowandthen.com\/es\/wp-json\/wp\/v2\/pages"}],"about":[{"href":"https:\/\/www.workingnowandthen.com\/es\/wp-json\/wp\/v2\/types\/page"}],"author":[{"embeddable":true,"href":"https:\/\/www.workingnowandthen.com\/es\/wp-json\/wp\/v2\/users\/1"}],"replies":[{"embeddable":true,"href":"https:\/\/www.workingnowandthen.com\/es\/wp-json\/wp\/v2\/comments?post=1184"}],"version-history":[{"count":53,"href":"https:\/\/www.workingnowandthen.com\/es\/wp-json\/wp\/v2\/pages\/1184\/revisions"}],"predecessor-version":[{"id":118519,"href":"https:\/\/www.workingnowandthen.com\/es\/wp-json\/wp\/v2\/pages\/1184\/revisions\/118519"}],"wp:attachment":[{"href":"https:\/\/www.workingnowandthen.com\/es\/wp-json\/wp\/v2\/media?parent=1184"}],"curies":[{"name":"wp","href":"https:\/\/api.w.org\/{rel}","templated":true}]}}