{"id":100,"date":"2018-04-26T00:00:24","date_gmt":"2018-04-26T00:00:24","guid":{"rendered":"http:\/\/localhost\/wnt\/\/"},"modified":"2025-11-11T14:26:31","modified_gmt":"2025-11-11T18:26:31","slug":"about","status":"publish","type":"page","link":"https:\/\/www.workingnowandthen.com\/es\/sobre\/","title":{"rendered":"Sobre Working Now and Then"},"content":{"rendered":"<p><span style=\"font-weight: 400;\">Working Now and Then es un recurso para los trabajadores y aquellos que se preocupan por ellos. Los art\u00edculos &#8220;Sus Derechos&#8221; proporcionan informaci\u00f3n detallada sobre la ley de empleo y los derechos de los trabajadores, incluyendo qu\u00e9 hacer si se han violado sus derechos. Nuestra secci\u00f3n acad\u00e9mica-estudiantil explora la historia del trabajo a trav\u00e9s de rese\u00f1as acad\u00e9micas, publicaciones en blogs y una bibliograf\u00eda comentada. En la p\u00e1gina Activista, proporcionamos recursos para activistas por los derechos de los trabajadores, y en la secci\u00f3n Multimedia se explora arte, canciones, videos y libros sobre el trabajo.<\/span><\/p>\n<h2><span style=\"font-weight: 400;\">Nuestro equipo<\/span><\/h2>\n<p><span style=\"font-weight: 400;\">Charles Joseph tiene d\u00e9cadas de experiencia en la recuperaci\u00f3n de dinero para los trabajadores. Como experto en derecho laboral, Charles cre\u00f3 el sitio web Working: Now and Then para ayudar a los trabajadores a comprender sus derechos. Adem\u00e1s de expertos legales, el sitio tambi\u00e9n publica contribuciones de expertos acad\u00e9micos en la historia del trabajo.<\/span><\/p>\n<p><span style=\"font-weight: 400;\">Conozca m\u00e1s sobre nuestro equipo.<\/span><\/p>\n<h2><span style=\"font-weight: 400;\">Nuestra Misi\u00f3n<\/span><\/h2>\n<p><span style=\"font-weight: 400;\">Charles Joseph fundo Working: Now and Then para aconsejar a aquellos trabajadores cuyos derechos han sido violados. Como abogado de oficio, Charles ha dise\u00f1ado el sitio para capturar la experiencia total de los trabajadores. Ademas de ofrecer asistencia para trabajadores explorando el sistema legal, Working: Now and Then ofrece recursos especializados, informacion activista y contenido multimedia. Working: Now and Then promueve un mejor entendimiento del mundo econ\u00f3mico y social de hoy a trav\u00e9s de materiales sobre trabajadores y sus derechos.<\/span><\/p>\n","protected":false},"excerpt":{"rendered":"Working Now and Then es un recurso para los trabajadores y aquellos que se preocupan por ellos. Los art\u00edculos &#8220;Sus Derechos&#8221; proporcionan informaci\u00f3n detallada sobre la ley de empleo y los derechos de los trabajadores, incluyendo qu\u00e9 hacer si se han violado sus derechos. Nuestra secci\u00f3n acad\u00e9mica-estudiantil explora la historia del trabajo a trav\u00e9s de&#8230; <a class=\"view-article\" href=\"https:\/\/www.workingnowandthen.com\/es\/sobre\/\">View Article<\/a>","protected":false},"author":1,"featured_media":0,"parent":0,"menu_order":0,"comment_status":"closed","ping_status":"closed","template":"template-focus.php","meta":{"_acf_changed":false,"footnotes":""},"class_list":["post-100","page","type-page","status-publish","hentry"],"translation":{"provider":"WPGlobus","version":"3.0.0","language":"es","enabled_languages":["en","es","fr","ru","zh","ar","ur"],"languages":{"en":{"title":true,"content":true,"excerpt":false},"es":{"title":true,"content":true,"excerpt":false},"fr":{"title":true,"content":true,"excerpt":false},"ru":{"title":true,"content":true,"excerpt":false},"zh":{"title":true,"content":true,"excerpt":false},"ar":{"title":true,"content":true,"excerpt":false},"ur":{"title":true,"content":true,"excerpt":false}}},"acf":[],"yoast_head":"<!-- This site is optimized with the Yoast SEO Premium plugin v26.3 (Yoast SEO v26.3) - https:\/\/yoast.com\/wordpress\/plugins\/seo\/ -->\n<title>Sobre Working Now and Then | WNT Legal Resources<\/title>\n<meta name=\"description\" content=\"Working Now and Then es un recurso para los trabajadores y aquellos que se preocupan por ellos. Los art\u00edculos &quot;Sus Derechos&quot; proporcionan informaci\u00f3n detallada sobre la ley de empleo y los derechos de los trabajadores, incluyendo qu\u00e9 hacer si se han violado sus derechos.\" \/>\n<meta name=\"robots\" content=\"index, follow, max-snippet:-1, max-image-preview:large, max-video-preview:-1\" \/>\n<link rel=\"canonical\" href=\"https:\/\/www.workingnowandthen.com\/about\/\" \/>\n<meta property=\"og:locale\" content=\"es_ES\" \/>\n<meta property=\"og:type\" content=\"article\" \/>\n<meta property=\"og:title\" content=\"Sobre Working Now and Then | Working Now and Then\" \/>\n<meta property=\"og:description\" content=\"Working Now and Then es un recurso para los trabajadores y aquellos que se preocupan por ellos. Los art\u00edculos &quot;Sus Derechos&quot; proporcionan informaci\u00f3n detallada sobre la ley de empleo y los derechos de los trabajadores, incluyendo qu\u00e9 hacer si se han violado sus derechos.\" \/>\n<meta property=\"og:url\" content=\"https:\/\/www.workingnowandthen.com\/about\/\" \/>\n<meta property=\"og:site_name\" content=\"Working Now and Then\" \/>\n<meta property=\"article:modified_time\" content=\"2025-11-11T18:26:31+00:00\" \/>\n<meta property=\"og:image\" content=\"https:\/\/www.workingnowandthen.com\/wp-content\/uploads\/2020\/10\/Screen-Shot-2018-10-19-at-4.14.15-PM.png\" \/>\n\t<meta property=\"og:image:width\" content=\"1112\" \/>\n\t<meta property=\"og:image:height\" content=\"536\" \/>\n\t<meta property=\"og:image:type\" content=\"image\/png\" \/>\n<meta name=\"twitter:card\" content=\"summary_large_image\" \/>\n<meta name=\"twitter:site\" content=\"@workingnowthen\" \/>\n<meta name=\"twitter:label1\" content=\"Est. reading time\" \/>\n\t<meta name=\"twitter:data1\" content=\"3 minutes\" \/>\n<script type=\"application\/ld+json\" class=\"yoast-schema-graph\">{\"@context\":\"https:\/\/schema.org\",\"@graph\":[{\"@type\":[\"WebPage\",\"AboutPage\"],\"@id\":\"https:\/\/www.workingnowandthen.com\/about\/\",\"url\":\"https:\/\/www.workingnowandthen.com\/about\/\",\"name\":\"Sobre Working Now and Then | WNT Legal Resources\",\"isPartOf\":{\"@id\":\"https:\/\/www.workingnowandthen.com\/#website\"},\"primaryImageOfPage\":{\"@id\":\"https:\/\/www.workingnowandthen.com\/about\/#primaryimage\"},\"image\":{\"@id\":\"https:\/\/www.workingnowandthen.com\/about\/#primaryimage\"},\"thumbnailUrl\":\"https:\/\/www.workingnowandthen.com\/wp-content\/uploads\/2020\/10\/Screen-Shot-2018-10-19-at-4.14.15-PM-700x337.png\",\"datePublished\":\"2018-04-26T00:00:24+00:00\",\"dateModified\":\"2025-11-11T18:26:31+00:00\",\"description\":\"Working Now and Then is a resource for workers and those who care about them. Learn more about the site and the team behind WNT Legal Resources.\",\"breadcrumb\":{\"@id\":\"https:\/\/www.workingnowandthen.com\/about\/#breadcrumb\"},\"inLanguage\":\"es\",\"potentialAction\":[{\"@type\":\"ReadAction\",\"target\":[\"https:\/\/www.workingnowandthen.com\/about\/\"]}]},{\"@type\":\"ImageObject\",\"inLanguage\":\"es\",\"@id\":\"https:\/\/www.workingnowandthen.com\/about\/#primaryimage\",\"url\":\"https:\/\/www.workingnowandthen.com\/wp-content\/uploads\/2020\/10\/Screen-Shot-2018-10-19-at-4.14.15-PM-700x337.png\",\"contentUrl\":\"https:\/\/www.workingnowandthen.com\/wp-content\/uploads\/2020\/10\/Screen-Shot-2018-10-19-at-4.14.15-PM-700x337.png\"},{\"@type\":\"BreadcrumbList\",\"@id\":\"https:\/\/www.workingnowandthen.com\/about\/#breadcrumb\",\"itemListElement\":[{\"@type\":\"ListItem\",\"position\":1,\"name\":\"Home\",\"item\":\"https:\/\/www.workingnowandthen.com\/\"},{\"@type\":\"ListItem\",\"position\":2,\"name\":\"About Working Now and Then\"}]},{\"@type\":\"WebSite\",\"@id\":\"https:\/\/www.workingnowandthen.com\/#website\",\"url\":\"https:\/\/www.workingnowandthen.com\/\",\"name\":\"Working Now and Then\",\"description\":\"Working Now And Then\",\"publisher\":{\"@id\":\"https:\/\/www.workingnowandthen.com\/#organization\"},\"potentialAction\":[{\"@type\":\"SearchAction\",\"target\":{\"@type\":\"EntryPoint\",\"urlTemplate\":\"https:\/\/www.workingnowandthen.com\/?s={search_term_string}\"},\"query-input\":{\"@type\":\"PropertyValueSpecification\",\"valueRequired\":true,\"valueName\":\"search_term_string\"}}],\"inLanguage\":\"es\"},{\"@type\":\"Organization\",\"@id\":\"https:\/\/www.workingnowandthen.com\/#organization\",\"name\":\"Working Now and Then\",\"alternateName\":\"WNT Legal Resources\",\"url\":\"https:\/\/www.workingnowandthen.com\/\",\"logo\":{\"@type\":\"ImageObject\",\"inLanguage\":\"es\",\"@id\":\"https:\/\/www.workingnowandthen.com\/#\/schema\/logo\/image\/\",\"url\":\"https:\/\/www.workingnowandthen.com\/wp-content\/uploads\/2019\/05\/Screen-Shot-2019-05-17-at-1.27.13-PM-e1558124864659.png\",\"contentUrl\":\"https:\/\/www.workingnowandthen.com\/wp-content\/uploads\/2019\/05\/Screen-Shot-2019-05-17-at-1.27.13-PM-e1558124864659.png\",\"width\":400,\"height\":93,\"caption\":\"Working Now and Then\"},\"image\":{\"@id\":\"https:\/\/www.workingnowandthen.com\/#\/schema\/logo\/image\/\"},\"sameAs\":[\"https:\/\/x.com\/workingnowthen\",\"https:\/\/www.reddit.com\/user\/Charles_Joseph\/\"],\"description\":\"We help workers understand their rights. Charles Joseph, an employment lawyer in NYC, established Working Now and Then to protect workers from discrimination, sexual harassment, wage theft, and other employment violations. He also founded Joseph & Kirschenbaum LLP, an NYC law firm that has recovered over $200 million for clients. Working Now and Then connects workers with employment lawyers and offers free consultations.\",\"email\":\"info@workingnowandthen.com\",\"telephone\":\"2126514238\"}]}<\/script>\n<!-- \/ Yoast SEO Premium plugin. -->","yoast_head_json":{"title":"Sobre Working Now and Then | WNT Legal Resources","description":"Working Now and Then es un recurso para los trabajadores y aquellos que se preocupan por ellos. Los art\u00edculos \"Sus Derechos\" proporcionan informaci\u00f3n detallada sobre la ley de empleo y los derechos de los trabajadores, incluyendo qu\u00e9 hacer si se han violado sus derechos.","robots":{"index":"index","follow":"follow","max-snippet":"max-snippet:-1","max-image-preview":"max-image-preview:large","max-video-preview":"max-video-preview:-1"},"canonical":"https:\/\/www.workingnowandthen.com\/about\/","og_locale":"es_ES","og_type":"article","og_title":"Sobre Working Now and Then | Working Now and Then","og_description":"Working Now and Then es un recurso para los trabajadores y aquellos que se preocupan por ellos. Los art\u00edculos \"Sus Derechos\" proporcionan informaci\u00f3n detallada sobre la ley de empleo y los derechos de los trabajadores, incluyendo qu\u00e9 hacer si se han violado sus derechos.","og_url":"https:\/\/www.workingnowandthen.com\/about\/","og_site_name":"Working Now and Then","article_modified_time":"2025-11-11T18:26:31+00:00","og_image":[{"width":1112,"height":536,"url":"https:\/\/www.workingnowandthen.com\/wp-content\/uploads\/2020\/10\/Screen-Shot-2018-10-19-at-4.14.15-PM.png","type":"image\/png"}],"twitter_card":"summary_large_image","twitter_site":"@workingnowthen","twitter_misc":{"Est. reading time":"3 minutes"},"schema":{"@context":"https:\/\/schema.org","@graph":[{"@type":["WebPage","AboutPage"],"@id":"https:\/\/www.workingnowandthen.com\/about\/","url":"https:\/\/www.workingnowandthen.com\/about\/","name":"Sobre Working Now and Then | WNT Legal Resources","isPartOf":{"@id":"https:\/\/www.workingnowandthen.com\/#website"},"primaryImageOfPage":{"@id":"https:\/\/www.workingnowandthen.com\/about\/#primaryimage"},"image":{"@id":"https:\/\/www.workingnowandthen.com\/about\/#primaryimage"},"thumbnailUrl":"https:\/\/www.workingnowandthen.com\/wp-content\/uploads\/2020\/10\/Screen-Shot-2018-10-19-at-4.14.15-PM-700x337.png","datePublished":"2018-04-26T00:00:24+00:00","dateModified":"2025-11-11T18:26:31+00:00","description":"Working Now and Then is a resource for workers and those who care about them. Learn more about the site and the team behind WNT Legal Resources.","breadcrumb":{"@id":"https:\/\/www.workingnowandthen.com\/about\/#breadcrumb"},"inLanguage":"es","potentialAction":[{"@type":"ReadAction","target":["https:\/\/www.workingnowandthen.com\/about\/"]}]},{"@type":"ImageObject","inLanguage":"es","@id":"https:\/\/www.workingnowandthen.com\/about\/#primaryimage","url":"https:\/\/www.workingnowandthen.com\/wp-content\/uploads\/2020\/10\/Screen-Shot-2018-10-19-at-4.14.15-PM-700x337.png","contentUrl":"https:\/\/www.workingnowandthen.com\/wp-content\/uploads\/2020\/10\/Screen-Shot-2018-10-19-at-4.14.15-PM-700x337.png"},{"@type":"BreadcrumbList","@id":"https:\/\/www.workingnowandthen.com\/about\/#breadcrumb","itemListElement":[{"@type":"ListItem","position":1,"name":"Home","item":"https:\/\/www.workingnowandthen.com\/"},{"@type":"ListItem","position":2,"name":"About Working Now and Then"}]},{"@type":"WebSite","@id":"https:\/\/www.workingnowandthen.com\/#website","url":"https:\/\/www.workingnowandthen.com\/","name":"Working Now and Then","description":"Working Now And Then","publisher":{"@id":"https:\/\/www.workingnowandthen.com\/#organization"},"potentialAction":[{"@type":"SearchAction","target":{"@type":"EntryPoint","urlTemplate":"https:\/\/www.workingnowandthen.com\/?s={search_term_string}"},"query-input":{"@type":"PropertyValueSpecification","valueRequired":true,"valueName":"search_term_string"}}],"inLanguage":"es"},{"@type":"Organization","@id":"https:\/\/www.workingnowandthen.com\/#organization","name":"Working Now and Then","alternateName":"WNT Legal Resources","url":"https:\/\/www.workingnowandthen.com\/","logo":{"@type":"ImageObject","inLanguage":"es","@id":"https:\/\/www.workingnowandthen.com\/#\/schema\/logo\/image\/","url":"https:\/\/www.workingnowandthen.com\/wp-content\/uploads\/2019\/05\/Screen-Shot-2019-05-17-at-1.27.13-PM-e1558124864659.png","contentUrl":"https:\/\/www.workingnowandthen.com\/wp-content\/uploads\/2019\/05\/Screen-Shot-2019-05-17-at-1.27.13-PM-e1558124864659.png","width":400,"height":93,"caption":"Working Now and Then"},"image":{"@id":"https:\/\/www.workingnowandthen.com\/#\/schema\/logo\/image\/"},"sameAs":["https:\/\/x.com\/workingnowthen","https:\/\/www.reddit.com\/user\/Charles_Joseph\/"],"description":"We help workers understand their rights. Charles Joseph, an employment lawyer in NYC, established Working Now and Then to protect workers from discrimination, sexual harassment, wage theft, and other employment violations. He also founded Joseph & Kirschenbaum LLP, an NYC law firm that has recovered over $200 million for clients. Working Now and Then connects workers with employment lawyers and offers free consultations.","email":"info@workingnowandthen.com","telephone":"2126514238"}]}},"_links":{"self":[{"href":"https:\/\/www.workingnowandthen.com\/es\/wp-json\/wp\/v2\/pages\/100","targetHints":{"allow":["GET"]}}],"collection":[{"href":"https:\/\/www.workingnowandthen.com\/es\/wp-json\/wp\/v2\/pages"}],"about":[{"href":"https:\/\/www.workingnowandthen.com\/es\/wp-json\/wp\/v2\/types\/page"}],"author":[{"embeddable":true,"href":"https:\/\/www.workingnowandthen.com\/es\/wp-json\/wp\/v2\/users\/1"}],"replies":[{"embeddable":true,"href":"https:\/\/www.workingnowandthen.com\/es\/wp-json\/wp\/v2\/comments?post=100"}],"version-history":[{"count":60,"href":"https:\/\/www.workingnowandthen.com\/es\/wp-json\/wp\/v2\/pages\/100\/revisions"}],"predecessor-version":[{"id":345539,"href":"https:\/\/www.workingnowandthen.com\/es\/wp-json\/wp\/v2\/pages\/100\/revisions\/345539"}],"wp:attachment":[{"href":"https:\/\/www.workingnowandthen.com\/es\/wp-json\/wp\/v2\/media?parent=100"}],"curies":[{"name":"wp","href":"https:\/\/api.w.org\/{rel}","templated":true}]}}